{"id":1292,"date":"2020-04-15T21:57:10","date_gmt":"2020-04-15T18:57:10","guid":{"rendered":"https:\/\/triokablo.com\/?post_type=product&#038;p=1292"},"modified":"2020-07-16T16:27:53","modified_gmt":"2020-07-16T13:27:53","slug":"lihch-fe-180-ph120","status":"publish","type":"product","link":"https:\/\/triokablo.com\/en\/product\/lihch-fe-180-ph120\/","title":{"rendered":"LIHCH FE 180 PH120"},"content":{"rendered":"<p><img loading=\"lazy\" decoding=\"async\" class=\"aligncenter wp-image-1294 size-full\" src=\"https:\/\/triokablo.com\/wp-content\/uploads\/2020\/04\/Ekran-Al\u0131nt\u0131s\u0131-1.png\" alt=\"\" width=\"884\" height=\"252\" srcset=\"https:\/\/triokablo.com\/wp-content\/uploads\/2020\/04\/Ekran-Al\u0131nt\u0131s\u0131-1.png 884w, https:\/\/triokablo.com\/wp-content\/uploads\/2020\/04\/Ekran-Al\u0131nt\u0131s\u0131-1-300x86.png 300w, https:\/\/triokablo.com\/wp-content\/uploads\/2020\/04\/Ekran-Al\u0131nt\u0131s\u0131-1-768x219.png 768w, https:\/\/triokablo.com\/wp-content\/uploads\/2020\/04\/Ekran-Al\u0131nt\u0131s\u0131-1-600x171.png 600w\" sizes=\"auto, (max-width: 884px) 100vw, 884px\" \/><\/p>","protected":false},"excerpt":{"rendered":"<p style=\"text-align: left;\" class=\"translation-block\">These cables continue signal transmission without disconnecting in case of fire, <br>\nIt is used in fire alarm and security systems. (Many people <br>\nsubways, tunnels, shopping malls, hospitals, airports, <br>\nhotels, residences, industrial facilities etc. These types of cables, <br>\nThey have halogen free, flame retardant and low smoke density.<\/p>","protected":false},"featured_media":1289,"comment_status":"open","ping_status":"closed","template":"","meta":[],"product_brand":[],"product_cat":[40],"product_tag":[],"class_list":{"0":"post-1292","1":"product","2":"type-product","3":"status-publish","4":"has-post-thumbnail","6":"product_cat-yangina-dayanakli-kablolar","8":"first","9":"instock","10":"shipping-taxable","11":"product-type-simple"},"aioseo_notices":[],"_links":{"self":[{"href":"https:\/\/triokablo.com\/en\/wp-json\/wp\/v2\/product\/1292","targetHints":{"allow":["GET"]}}],"collection":[{"href":"https:\/\/triokablo.com\/en\/wp-json\/wp\/v2\/product"}],"about":[{"href":"https:\/\/triokablo.com\/en\/wp-json\/wp\/v2\/types\/product"}],"replies":[{"embeddable":true,"href":"https:\/\/triokablo.com\/en\/wp-json\/wp\/v2\/comments?post=1292"}],"wp:featuredmedia":[{"embeddable":true,"href":"https:\/\/triokablo.com\/en\/wp-json\/wp\/v2\/media\/1289"}],"wp:attachment":[{"href":"https:\/\/triokablo.com\/en\/wp-json\/wp\/v2\/media?parent=1292"}],"wp:term":[{"taxonomy":"product_brand","embeddable":true,"href":"https:\/\/triokablo.com\/en\/wp-json\/wp\/v2\/product_brand?post=1292"},{"taxonomy":"product_cat","embeddable":true,"href":"https:\/\/triokablo.com\/en\/wp-json\/wp\/v2\/product_cat?post=1292"},{"taxonomy":"product_tag","embeddable":true,"href":"https:\/\/triokablo.com\/en\/wp-json\/wp\/v2\/product_tag?post=1292"}],"curies":[{"name":"wp","href":"https:\/\/api.w.org\/{rel}","templated":true}]}}