{"id":1304,"date":"2020-04-15T22:29:47","date_gmt":"2020-04-15T19:29:47","guid":{"rendered":"https:\/\/triokablo.com\/?post_type=product&#038;p=1304"},"modified":"2020-07-16T16:27:48","modified_gmt":"2020-07-16T13:27:48","slug":"lihh-fe-180-ph120","status":"publish","type":"product","link":"https:\/\/triokablo.com\/en\/product\/lihh-fe-180-ph120\/","title":{"rendered":"LIHH FE 180 PH120"},"content":{"rendered":"<p><img loading=\"lazy\" decoding=\"async\" class=\"aligncenter wp-image-1306 size-full\" src=\"https:\/\/triokablo.com\/wp-content\/uploads\/2020\/04\/Ekran-Al\u0131nt\u0131s\u01317.png\" alt=\"\" width=\"881\" height=\"256\" srcset=\"https:\/\/triokablo.com\/wp-content\/uploads\/2020\/04\/Ekran-Al\u0131nt\u0131s\u01317.png 881w, https:\/\/triokablo.com\/wp-content\/uploads\/2020\/04\/Ekran-Al\u0131nt\u0131s\u01317-300x87.png 300w, https:\/\/triokablo.com\/wp-content\/uploads\/2020\/04\/Ekran-Al\u0131nt\u0131s\u01317-768x223.png 768w, https:\/\/triokablo.com\/wp-content\/uploads\/2020\/04\/Ekran-Al\u0131nt\u0131s\u01317-600x174.png 600w\" sizes=\"auto, (max-width: 881px) 100vw, 881px\" \/><\/p>","protected":false},"excerpt":{"rendered":"<p style=\"text-align: left;\" class=\"translation-block\">These cables continue signal transmission without disconnecting in case of fire, <br>\nIt is used in fire alarm and security systems. (Many people <br>\nsubways, tunnels, shopping malls, hospitals, airports, <br>\nhotels, residences, industrial facilities etc. These types of cables, <br>\nThey have halogen free, flame retardant and low smoke density.<\/p>","protected":false},"featured_media":1305,"comment_status":"open","ping_status":"closed","template":"","meta":[],"product_brand":[],"product_cat":[40],"product_tag":[],"class_list":{"0":"post-1304","1":"product","2":"type-product","3":"status-publish","4":"has-post-thumbnail","6":"product_cat-yangina-dayanakli-kablolar","8":"first","9":"instock","10":"shipping-taxable","11":"product-type-simple"},"aioseo_notices":[],"_links":{"self":[{"href":"https:\/\/triokablo.com\/en\/wp-json\/wp\/v2\/product\/1304","targetHints":{"allow":["GET"]}}],"collection":[{"href":"https:\/\/triokablo.com\/en\/wp-json\/wp\/v2\/product"}],"about":[{"href":"https:\/\/triokablo.com\/en\/wp-json\/wp\/v2\/types\/product"}],"replies":[{"embeddable":true,"href":"https:\/\/triokablo.com\/en\/wp-json\/wp\/v2\/comments?post=1304"}],"wp:featuredmedia":[{"embeddable":true,"href":"https:\/\/triokablo.com\/en\/wp-json\/wp\/v2\/media\/1305"}],"wp:attachment":[{"href":"https:\/\/triokablo.com\/en\/wp-json\/wp\/v2\/media?parent=1304"}],"wp:term":[{"taxonomy":"product_brand","embeddable":true,"href":"https:\/\/triokablo.com\/en\/wp-json\/wp\/v2\/product_brand?post=1304"},{"taxonomy":"product_cat","embeddable":true,"href":"https:\/\/triokablo.com\/en\/wp-json\/wp\/v2\/product_cat?post=1304"},{"taxonomy":"product_tag","embeddable":true,"href":"https:\/\/triokablo.com\/en\/wp-json\/wp\/v2\/product_tag?post=1304"}],"curies":[{"name":"wp","href":"https:\/\/api.w.org\/{rel}","templated":true}]}}