{"id":1337,"date":"2020-04-16T00:56:36","date_gmt":"2020-04-15T21:56:36","guid":{"rendered":"https:\/\/triokablo.com\/?post_type=product&#038;p=1337"},"modified":"2020-07-16T16:55:17","modified_gmt":"2020-07-16T13:55:17","slug":"diyafon-kablosu-hf","status":"publish","type":"product","link":"https:\/\/triokablo.com\/en\/product\/diyafon-kablosu-hf\/","title":{"rendered":"Intercom Cable HF"},"content":{"rendered":"<p><img loading=\"lazy\" decoding=\"async\" class=\"aligncenter wp-image-1339 size-full\" src=\"https:\/\/triokablo.com\/wp-content\/uploads\/2020\/04\/Ekran-Al\u0131nt\u0131s\u0131aa.png\" alt=\"\" width=\"883\" height=\"441\" srcset=\"https:\/\/triokablo.com\/wp-content\/uploads\/2020\/04\/Ekran-Al\u0131nt\u0131s\u0131aa.png 883w, https:\/\/triokablo.com\/wp-content\/uploads\/2020\/04\/Ekran-Al\u0131nt\u0131s\u0131aa-300x150.png 300w, https:\/\/triokablo.com\/wp-content\/uploads\/2020\/04\/Ekran-Al\u0131nt\u0131s\u0131aa-768x384.png 768w, https:\/\/triokablo.com\/wp-content\/uploads\/2020\/04\/Ekran-Al\u0131nt\u0131s\u0131aa-800x400.png 800w, https:\/\/triokablo.com\/wp-content\/uploads\/2020\/04\/Ekran-Al\u0131nt\u0131s\u0131aa-600x300.png 600w\" sizes=\"auto, (max-width: 883px) 100vw, 883px\" \/><\/p>","protected":false},"excerpt":{"rendered":"<p class=\"translation-block\">It provides ease of application thanks to its flexible and low bending radius. Internal\nsuitable for applications, not used in external applications. Electronic control\nIt is used in image, sound and signal transmission in its systems.<\/p>","protected":false},"featured_media":1338,"comment_status":"open","ping_status":"closed","template":"","meta":[],"product_brand":[],"product_cat":[45],"product_tag":[],"class_list":{"0":"post-1337","1":"product","2":"type-product","3":"status-publish","4":"has-post-thumbnail","6":"product_cat-diyafon-kablolari","8":"first","9":"instock","10":"shipping-taxable","11":"product-type-simple"},"aioseo_notices":[],"_links":{"self":[{"href":"https:\/\/triokablo.com\/en\/wp-json\/wp\/v2\/product\/1337","targetHints":{"allow":["GET"]}}],"collection":[{"href":"https:\/\/triokablo.com\/en\/wp-json\/wp\/v2\/product"}],"about":[{"href":"https:\/\/triokablo.com\/en\/wp-json\/wp\/v2\/types\/product"}],"replies":[{"embeddable":true,"href":"https:\/\/triokablo.com\/en\/wp-json\/wp\/v2\/comments?post=1337"}],"wp:featuredmedia":[{"embeddable":true,"href":"https:\/\/triokablo.com\/en\/wp-json\/wp\/v2\/media\/1338"}],"wp:attachment":[{"href":"https:\/\/triokablo.com\/en\/wp-json\/wp\/v2\/media?parent=1337"}],"wp:term":[{"taxonomy":"product_brand","embeddable":true,"href":"https:\/\/triokablo.com\/en\/wp-json\/wp\/v2\/product_brand?post=1337"},{"taxonomy":"product_cat","embeddable":true,"href":"https:\/\/triokablo.com\/en\/wp-json\/wp\/v2\/product_cat?post=1337"},{"taxonomy":"product_tag","embeddable":true,"href":"https:\/\/triokablo.com\/en\/wp-json\/wp\/v2\/product_tag?post=1337"}],"curies":[{"name":"wp","href":"https:\/\/api.w.org\/{rel}","templated":true}]}}