{"id":1372,"date":"2020-04-16T06:51:50","date_gmt":"2020-04-16T03:51:50","guid":{"rendered":"https:\/\/triokablo.com\/?post_type=product&#038;p=1372"},"modified":"2020-07-16T16:47:40","modified_gmt":"2020-07-16T13:47:40","slug":"vbv-vbv-k","status":"publish","type":"product","link":"https:\/\/triokablo.com\/en\/product\/vbv-vbv-k\/","title":{"rendered":"VBV \/ VBV-K"},"content":{"rendered":"<p><img loading=\"lazy\" decoding=\"async\" class=\"aligncenter wp-image-1374 size-full\" src=\"https:\/\/triokablo.com\/wp-content\/uploads\/2020\/04\/Ekran-Al\u0131nt\u0131s\u0131123.png\" alt=\"\" width=\"878\" height=\"542\" srcset=\"https:\/\/triokablo.com\/wp-content\/uploads\/2020\/04\/Ekran-Al\u0131nt\u0131s\u0131123.png 878w, https:\/\/triokablo.com\/wp-content\/uploads\/2020\/04\/Ekran-Al\u0131nt\u0131s\u0131123-300x185.png 300w, https:\/\/triokablo.com\/wp-content\/uploads\/2020\/04\/Ekran-Al\u0131nt\u0131s\u0131123-768x474.png 768w, https:\/\/triokablo.com\/wp-content\/uploads\/2020\/04\/Ekran-Al\u0131nt\u0131s\u0131123-600x370.png 600w\" sizes=\"auto, (max-width: 878px) 100vw, 878px\" \/><\/p>","protected":false},"excerpt":{"rendered":"<p class=\"translation-block\">These cables are power station and subscriber distribution cables in fixed indoor installations <br>\nThey are used as.<\/p>","protected":false},"featured_media":1373,"comment_status":"open","ping_status":"closed","template":"","meta":[],"product_brand":[],"product_cat":[42],"product_tag":[],"class_list":{"0":"post-1372","1":"product","2":"type-product","3":"status-publish","4":"has-post-thumbnail","6":"product_cat-haberlesme-kablolari","8":"first","9":"instock","10":"shipping-taxable","11":"product-type-simple"},"aioseo_notices":[],"_links":{"self":[{"href":"https:\/\/triokablo.com\/en\/wp-json\/wp\/v2\/product\/1372","targetHints":{"allow":["GET"]}}],"collection":[{"href":"https:\/\/triokablo.com\/en\/wp-json\/wp\/v2\/product"}],"about":[{"href":"https:\/\/triokablo.com\/en\/wp-json\/wp\/v2\/types\/product"}],"replies":[{"embeddable":true,"href":"https:\/\/triokablo.com\/en\/wp-json\/wp\/v2\/comments?post=1372"}],"wp:featuredmedia":[{"embeddable":true,"href":"https:\/\/triokablo.com\/en\/wp-json\/wp\/v2\/media\/1373"}],"wp:attachment":[{"href":"https:\/\/triokablo.com\/en\/wp-json\/wp\/v2\/media?parent=1372"}],"wp:term":[{"taxonomy":"product_brand","embeddable":true,"href":"https:\/\/triokablo.com\/en\/wp-json\/wp\/v2\/product_brand?post=1372"},{"taxonomy":"product_cat","embeddable":true,"href":"https:\/\/triokablo.com\/en\/wp-json\/wp\/v2\/product_cat?post=1372"},{"taxonomy":"product_tag","embeddable":true,"href":"https:\/\/triokablo.com\/en\/wp-json\/wp\/v2\/product_tag?post=1372"}],"curies":[{"name":"wp","href":"https:\/\/api.w.org\/{rel}","templated":true}]}}