{"id":584,"date":"2020-07-15T00:28:40","date_gmt":"2020-07-14T21:28:40","guid":{"rendered":"https:\/\/demo.themegrill.com\/flash-default-2\/?page_id=5"},"modified":"2020-07-20T17:54:14","modified_gmt":"2020-07-20T14:54:14","slug":"anasayfa","status":"publish","type":"page","link":"https:\/\/triokablo.com\/tr\/","title":{"rendered":"AnaSayfa"},"content":{"rendered":"<div id=\"pl-584\"  class=\"panel-layout\" ><div id=\"pg-584-0\"  class=\"panel-grid panel-no-style\" ><div id=\"pgc-584-0-0\"  class=\"panel-grid-cell\" ><\/div><\/div><div id=\"pg-584-1\"  class=\"panel-grid panel-has-style\" ><div class=\"panel-row-style panel-row-style-for-584-1\" ><div id=\"pgc-584-1-0\"  class=\"panel-grid-cell\" ><div id=\"panel-584-1-0-0\" class=\"so-panel widget widget_themegrill_flash_service tg-widget tg-single-service panel-first-child panel-last-child\" data-index=\"1\" >\n<div class=\"tg-service-widget tg-service-layout-1\">\n\t<div class=\"service-wrapper\">\n\t\t<div class=\"service-icon-title-wrapper clearfix\">\n\t\t\t\t\t\t<div class=\"service-icon-wrap\"><i class=\"fa fa-cog\"><\/i><\/div>\n\t\t\t\t\t\t\t\t\t\t\t\t<h3 class=\"service-title-wrap\">\n\t\t\t\t\t\t\t\t<a href=\"\/urunler\/\">\n\t\t\t\t\u00dcr\u00fcnlerimiz\t\t\t\t\t\t\t\t<\/a>\n\t\t\t\t\t\t\t<\/h3>\n\t\t\t\t\t<\/div>\n\t\t\t\t<div class=\"service-content-wrap\">Trio Kablo olarak t\u00fcm \u00fcretimde oldu\u011fumuz kablolar\u0131m\u0131z\u0131 ke\u015ffedebilirsiniz.<\/div>\n\t\t\t\t\t\t<a class=\"service-more\" href=\"\/urunler\/\">\u00dcr\u00fcnlere Git<\/a>\n\t\t\t<\/div>\n<\/div>\n<\/div><\/div><div id=\"pgc-584-1-1\"  class=\"panel-grid-cell\" ><div id=\"panel-584-1-1-0\" class=\"so-panel widget widget_themegrill_flash_service tg-widget tg-single-service panel-first-child panel-last-child\" data-index=\"2\" >\n<div class=\"tg-service-widget tg-service-layout-1\">\n\t<div class=\"service-wrapper\">\n\t\t<div class=\"service-icon-title-wrapper clearfix\">\n\t\t\t\t\t\t<div class=\"service-icon-wrap\"><i class=\"fa fa-support\"><\/i><\/div>\n\t\t\t\t\t\t\t\t\t\t\t\t<h3 class=\"service-title-wrap\">\n\t\t\t\t\t\t\t\t<a href=\"\/iletisim\/\">\n\t\t\t\tProfesyonel Destek\t\t\t\t\t\t\t\t<\/a>\n\t\t\t\t\t\t\t<\/h3>\n\t\t\t\t\t<\/div>\n\t\t\t\t<div class=\"service-content-wrap\">Trio Kablo, kurumsal destek i\u00e7in t\u00fcm imkanlar\u0131n\u0131 kullan\u0131r ve sizlere kesin \u00e7\u00f6z\u00fcmler \u00fcretir.<\/div>\n\t\t\t\t\t\t<a class=\"service-more\" href=\"\/iletisim\/\">Bize Ula\u015f\u0131n<\/a>\n\t\t\t<\/div>\n<\/div>\n<\/div><\/div><div id=\"pgc-584-1-2\"  class=\"panel-grid-cell\" ><div id=\"panel-584-1-2-0\" class=\"so-panel widget widget_themegrill_flash_service tg-widget tg-single-service panel-first-child panel-last-child\" data-index=\"3\" >\n<div class=\"tg-service-widget tg-service-layout-1\">\n\t<div class=\"service-wrapper\">\n\t\t<div class=\"service-icon-title-wrapper clearfix\">\n\t\t\t\t\t\t<div class=\"service-icon-wrap\"><i class=\"fa fa-chrome\"><\/i><\/div>\n\t\t\t\t\t\t\t\t\t\t\t\t<h3 class=\"service-title-wrap\">\n\t\t\t\t\t\t\t\t<a href=\"\/iletisim\/\">\n\t\t\t\t360\u00b0 \u00c7\u00f6z\u00fcmler\t\t\t\t\t\t\t\t<\/a>\n\t\t\t\t\t\t\t<\/h3>\n\t\t\t\t\t<\/div>\n\t\t\t\t<div class=\"service-content-wrap\">Trio Kablo, ev aletlerinde, profesyonel ses sistemlerinde ve end\u00fcstriyel t\u00fcm s\u00fcre\u00e7lerde \u00fcretim sa\u011flar.<\/div>\n\t\t\t\t\t\t<a class=\"service-more\" href=\"\/iletisim\/\">\u00d6zel kablo sipari\u015fleriniz i\u00e7in bize ula\u015f\u0131n<\/a>\n\t\t\t<\/div>\n<\/div>\n<\/div><\/div><\/div><\/div><div id=\"pg-584-2\"  class=\"panel-grid panel-has-style\" ><div class=\"siteorigin-panels-stretch panel-row-style panel-row-style-for-584-2\" data-stretch-type=\"full\" ><div id=\"pgc-584-2-0\"  class=\"panel-grid-cell\" ><div id=\"panel-584-2-0-0\" class=\"so-panel widget widget_themegrill_flash_heading tg-widget section-title-wrapper panel-first-child\" data-index=\"4\" >\t<h3 class=\"section-title\">\u00dcr\u00fcn Kategorileri<\/h3>\n\t<div class=\"section-description\">End\u00fcstriyel uygulamalar, t\u00fcm otomasyon sistemlerinin kullan\u0131ld\u0131\u011f\u0131 sanayi tesislerinde, telekom\u00fcnikasyon alan\u0131nda, petrol ve gaz, enerji, maden gibi alanlarda da sizinleyiz.<\/div>\n<\/div><div id=\"panel-584-2-0-1\" class=\"so-panel widget widget_themegrill_flash_portfolio tg-section feature-product-section panel-last-child\" data-index=\"5\" ><div class=\"tg-feature-product-layout-3 tg-feature-product-filter-layout\"><div class=\"tg-container\"><div class=\"grid\"><div class=\"tg-column-wrapper\"><div class=\"tg-feature-product-widget element-item uxdesign tg-column-3 portfolio \" data-category=\"portfolio \"><figure><img loading=\"lazy\" decoding=\"async\" width=\"720\" height=\"720\" src=\"https:\/\/triokablo.com\/wp-content\/uploads\/2019\/11\/triokablo-ses.png\" class=\"attachment-full size-full wp-post-image\" alt=\"\" srcset=\"https:\/\/triokablo.com\/wp-content\/uploads\/2019\/11\/triokablo-ses.png 720w, https:\/\/triokablo.com\/wp-content\/uploads\/2019\/11\/triokablo-ses-150x150.png 150w, https:\/\/triokablo.com\/wp-content\/uploads\/2019\/11\/triokablo-ses-300x300.png 300w, https:\/\/triokablo.com\/wp-content\/uploads\/2019\/11\/triokablo-ses-600x600.png 600w, https:\/\/triokablo.com\/wp-content\/uploads\/2019\/11\/triokablo-ses-100x100.png 100w\" sizes=\"auto, (max-width: 720px) 100vw, 720px\" \/><\/figure><div class=\"featured-image-desc\"><span><a href=\"https:\/\/triokablo.com\/tr\/portfoy\/profesyonel-ses-ve-mikrofon-kablolari\/\"><i class=\"fa fa-plus\"><\/i><\/a><\/span><div class=\"feature-inner-block\"><h3 class=\"feature-title-wrap\"><a href=\"https:\/\/triokablo.com\/tr\/portfoy\/profesyonel-ses-ve-mikrofon-kablolari\/\">Profesyonel Ses ve Mikrofon Kablolar\u0131<\/a><\/h3><h4 class=\"feature-desc-wrap\">Trio Kablo, Profesyonel Ses ve Mikrofon Kablolar\u0131 \u00fcretiminde \u00f6nc\u00fcl\u00fck etmektedir. T\u00fcm \u00fcr\u00fcnlerimiz i\u00e7in katalog sayfam\u0131z\u0131 ziyaret edebilirsiniz. Buradan T\u0131klayabilirsiniz.<\/h4><\/div><\/div><\/div><div class=\"tg-feature-product-widget element-item uxdesign tg-column-3 portfolio \" data-category=\"portfolio \"><figure><img loading=\"lazy\" decoding=\"async\" width=\"720\" height=\"720\" src=\"https:\/\/triokablo.com\/wp-content\/uploads\/2017\/01\/2.png\" class=\"attachment-full size-full wp-post-image\" alt=\"\" srcset=\"https:\/\/triokablo.com\/wp-content\/uploads\/2017\/01\/2.png 720w, https:\/\/triokablo.com\/wp-content\/uploads\/2017\/01\/2-150x150.png 150w, https:\/\/triokablo.com\/wp-content\/uploads\/2017\/01\/2-300x300.png 300w, https:\/\/triokablo.com\/wp-content\/uploads\/2017\/01\/2-600x600.png 600w, https:\/\/triokablo.com\/wp-content\/uploads\/2017\/01\/2-100x100.png 100w\" sizes=\"auto, (max-width: 720px) 100vw, 720px\" \/><\/figure><div class=\"featured-image-desc\"><span><a href=\"https:\/\/triokablo.com\/tr\/portfoy\/sinyal-ve-kontrol-kablolari\/\"><i class=\"fa fa-plus\"><\/i><\/a><\/span><div class=\"feature-inner-block\"><h3 class=\"feature-title-wrap\"><a href=\"https:\/\/triokablo.com\/tr\/portfoy\/sinyal-ve-kontrol-kablolari\/\">Sinyal ve Kontrol Kablolar\u0131<\/a><\/h3><h4 class=\"feature-desc-wrap\">\u201cKumanda edemeyece\u011fimiz tek \u015fey hayatlar\u0131m\u0131z\u201d Sinyal ve Kontrol kablolar\u0131 hayat\u0131n\u0131z\u0131n her yerinde size e\u015flik ediyor. G\u00fcnl\u00fck kulland\u0131\u011f\u0131n\u0131z basit ev aletlerinden, [&hellip;]<\/h4><\/div><\/div><\/div><div class=\"tg-feature-product-widget element-item uxdesign tg-column-3 portfolio \" data-category=\"portfolio \"><figure><img loading=\"lazy\" decoding=\"async\" width=\"720\" height=\"720\" src=\"https:\/\/triokablo.com\/wp-content\/uploads\/2017\/01\/3.png\" class=\"attachment-full size-full wp-post-image\" alt=\"\" srcset=\"https:\/\/triokablo.com\/wp-content\/uploads\/2017\/01\/3.png 720w, https:\/\/triokablo.com\/wp-content\/uploads\/2017\/01\/3-150x150.png 150w, https:\/\/triokablo.com\/wp-content\/uploads\/2017\/01\/3-300x300.png 300w, https:\/\/triokablo.com\/wp-content\/uploads\/2017\/01\/3-600x600.png 600w, https:\/\/triokablo.com\/wp-content\/uploads\/2017\/01\/3-100x100.png 100w\" sizes=\"auto, (max-width: 720px) 100vw, 720px\" \/><\/figure><div class=\"featured-image-desc\"><span><a href=\"https:\/\/triokablo.com\/tr\/portfoy\/enstrumantasyon-kablolari\/\"><i class=\"fa fa-plus\"><\/i><\/a><\/span><div class=\"feature-inner-block\"><h3 class=\"feature-title-wrap\"><a href=\"https:\/\/triokablo.com\/tr\/portfoy\/enstrumantasyon-kablolari\/\">Enstr\u00fcmantasyon Kablolar\u0131<\/a><\/h3><h4 class=\"feature-desc-wrap\">\u201cKumanda edemeyece\u011fimiz tek \u015fey hayatlar\u0131m\u0131z\u201d Sinyal ve Kontrol kablolar\u0131 hayat\u0131n\u0131z\u0131n her yerinde size e\u015flik ediyor. G\u00fcnl\u00fck kulland\u0131\u011f\u0131n\u0131z basit ev aletlerinden, [&hellip;]<\/h4><\/div><\/div><\/div><div class=\"tg-feature-product-widget element-item uxdesign tg-column-3 portfolio \" data-category=\"portfolio \"><figure><img loading=\"lazy\" decoding=\"async\" width=\"720\" height=\"720\" src=\"https:\/\/triokablo.com\/wp-content\/uploads\/2017\/01\/4.png\" class=\"attachment-full size-full wp-post-image\" alt=\"\" srcset=\"https:\/\/triokablo.com\/wp-content\/uploads\/2017\/01\/4.png 720w, https:\/\/triokablo.com\/wp-content\/uploads\/2017\/01\/4-150x150.png 150w, https:\/\/triokablo.com\/wp-content\/uploads\/2017\/01\/4-300x300.png 300w, https:\/\/triokablo.com\/wp-content\/uploads\/2017\/01\/4-600x600.png 600w, https:\/\/triokablo.com\/wp-content\/uploads\/2017\/01\/4-100x100.png 100w\" sizes=\"auto, (max-width: 720px) 100vw, 720px\" \/><\/figure><div class=\"featured-image-desc\"><span><a href=\"https:\/\/triokablo.com\/tr\/portfoy\/yangina-dayanakli-kablolar\/\"><i class=\"fa fa-plus\"><\/i><\/a><\/span><div class=\"feature-inner-block\"><h3 class=\"feature-title-wrap\"><a href=\"https:\/\/triokablo.com\/tr\/portfoy\/yangina-dayanakli-kablolar\/\">Yang\u0131na Dayanakl\u0131 Kablolar<\/a><\/h3><h4 class=\"feature-desc-wrap\">\u201cKumanda edemeyece\u011fimiz tek \u015fey hayatlar\u0131m\u0131z\u201d Sinyal ve Kontrol kablolar\u0131 hayat\u0131n\u0131z\u0131n her yerinde size e\u015flik ediyor. G\u00fcnl\u00fck kulland\u0131\u011f\u0131n\u0131z basit ev aletlerinden, [&hellip;]<\/h4><\/div><\/div><\/div><div class=\"tg-feature-product-widget element-item uxdesign tg-column-3 portfolio \" data-category=\"portfolio \"><figure><img loading=\"lazy\" decoding=\"async\" width=\"720\" height=\"720\" src=\"https:\/\/triokablo.com\/wp-content\/uploads\/2017\/01\/5.png\" class=\"attachment-full size-full wp-post-image\" alt=\"\" srcset=\"https:\/\/triokablo.com\/wp-content\/uploads\/2017\/01\/5.png 720w, https:\/\/triokablo.com\/wp-content\/uploads\/2017\/01\/5-150x150.png 150w, https:\/\/triokablo.com\/wp-content\/uploads\/2017\/01\/5-300x300.png 300w, https:\/\/triokablo.com\/wp-content\/uploads\/2017\/01\/5-600x600.png 600w, https:\/\/triokablo.com\/wp-content\/uploads\/2017\/01\/5-100x100.png 100w\" sizes=\"auto, (max-width: 720px) 100vw, 720px\" \/><\/figure><div class=\"featured-image-desc\"><span><a href=\"https:\/\/triokablo.com\/tr\/portfoy\/veri-iletisim-kablolari\/\"><i class=\"fa fa-plus\"><\/i><\/a><\/span><div class=\"feature-inner-block\"><h3 class=\"feature-title-wrap\"><a href=\"https:\/\/triokablo.com\/tr\/portfoy\/veri-iletisim-kablolari\/\">Veri \u0130leti\u015fim Kablolar\u0131<\/a><\/h3><h4 class=\"feature-desc-wrap\">\u201cKumanda edemeyece\u011fimiz tek \u015fey hayatlar\u0131m\u0131z\u201d Sinyal ve Kontrol kablolar\u0131 hayat\u0131n\u0131z\u0131n her yerinde size e\u015flik ediyor. G\u00fcnl\u00fck kulland\u0131\u011f\u0131n\u0131z basit ev aletlerinden, [&hellip;]<\/h4><\/div><\/div><\/div><div class=\"tg-feature-product-widget element-item uxdesign tg-column-3 portfolio \" data-category=\"portfolio \"><figure><img loading=\"lazy\" decoding=\"async\" width=\"720\" height=\"720\" src=\"https:\/\/triokablo.com\/wp-content\/uploads\/2017\/01\/6.png\" class=\"attachment-full size-full wp-post-image\" alt=\"\" srcset=\"https:\/\/triokablo.com\/wp-content\/uploads\/2017\/01\/6.png 720w, https:\/\/triokablo.com\/wp-content\/uploads\/2017\/01\/6-150x150.png 150w, https:\/\/triokablo.com\/wp-content\/uploads\/2017\/01\/6-300x300.png 300w, https:\/\/triokablo.com\/wp-content\/uploads\/2017\/01\/6-600x600.png 600w, https:\/\/triokablo.com\/wp-content\/uploads\/2017\/01\/6-100x100.png 100w\" sizes=\"auto, (max-width: 720px) 100vw, 720px\" \/><\/figure><div class=\"featured-image-desc\"><span><a href=\"https:\/\/triokablo.com\/tr\/portfoy\/haberlesme-kablolari\/\"><i class=\"fa fa-plus\"><\/i><\/a><\/span><div class=\"feature-inner-block\"><h3 class=\"feature-title-wrap\"><a href=\"https:\/\/triokablo.com\/tr\/portfoy\/haberlesme-kablolari\/\">Haberle\u015fme Kablolar\u0131<\/a><\/h3><h4 class=\"feature-desc-wrap\">\u201cKumanda edemeyece\u011fimiz tek \u015fey hayatlar\u0131m\u0131z\u201d Sinyal ve Kontrol kablolar\u0131 hayat\u0131n\u0131z\u0131n her yerinde size e\u015flik ediyor. G\u00fcnl\u00fck kulland\u0131\u011f\u0131n\u0131z basit ev aletlerinden, [&hellip;]<\/h4><\/div><\/div><\/div><div class=\"tg-feature-product-widget element-item uxdesign tg-column-3 portfolio \" data-category=\"portfolio \"><figure><img loading=\"lazy\" decoding=\"async\" width=\"720\" height=\"720\" src=\"https:\/\/triokablo.com\/wp-content\/uploads\/2017\/01\/7.png\" class=\"attachment-full size-full wp-post-image\" alt=\"\" srcset=\"https:\/\/triokablo.com\/wp-content\/uploads\/2017\/01\/7.png 720w, https:\/\/triokablo.com\/wp-content\/uploads\/2017\/01\/7-150x150.png 150w, https:\/\/triokablo.com\/wp-content\/uploads\/2017\/01\/7-300x300.png 300w, https:\/\/triokablo.com\/wp-content\/uploads\/2017\/01\/7-600x600.png 600w, https:\/\/triokablo.com\/wp-content\/uploads\/2017\/01\/7-100x100.png 100w\" sizes=\"auto, (max-width: 720px) 100vw, 720px\" \/><\/figure><div class=\"featured-image-desc\"><span><a href=\"https:\/\/triokablo.com\/tr\/portfoy\/koaksiyel-kablolar\/\"><i class=\"fa fa-plus\"><\/i><\/a><\/span><div class=\"feature-inner-block\"><h3 class=\"feature-title-wrap\"><a href=\"https:\/\/triokablo.com\/tr\/portfoy\/koaksiyel-kablolar\/\">Koaksiyel Kablolar<\/a><\/h3><h4 class=\"feature-desc-wrap\">\u201cKumanda edemeyece\u011fimiz tek \u015fey hayatlar\u0131m\u0131z\u201d Sinyal ve Kontrol kablolar\u0131 hayat\u0131n\u0131z\u0131n her yerinde size e\u015flik ediyor. G\u00fcnl\u00fck kulland\u0131\u011f\u0131n\u0131z basit ev aletlerinden, [&hellip;]<\/h4><\/div><\/div><\/div><div class=\"tg-feature-product-widget element-item uxdesign tg-column-3 portfolio \" data-category=\"portfolio \"><figure><img loading=\"lazy\" decoding=\"async\" width=\"720\" height=\"720\" src=\"https:\/\/triokablo.com\/wp-content\/uploads\/2017\/01\/8.png\" class=\"attachment-full size-full wp-post-image\" alt=\"\" srcset=\"https:\/\/triokablo.com\/wp-content\/uploads\/2017\/01\/8.png 720w, https:\/\/triokablo.com\/wp-content\/uploads\/2017\/01\/8-150x150.png 150w, https:\/\/triokablo.com\/wp-content\/uploads\/2017\/01\/8-300x300.png 300w, https:\/\/triokablo.com\/wp-content\/uploads\/2017\/01\/8-600x600.png 600w, https:\/\/triokablo.com\/wp-content\/uploads\/2017\/01\/8-100x100.png 100w\" sizes=\"auto, (max-width: 720px) 100vw, 720px\" \/><\/figure><div class=\"featured-image-desc\"><span><a href=\"https:\/\/triokablo.com\/tr\/portfoy\/cctv-kablolari\/\"><i class=\"fa fa-plus\"><\/i><\/a><\/span><div class=\"feature-inner-block\"><h3 class=\"feature-title-wrap\"><a href=\"https:\/\/triokablo.com\/tr\/portfoy\/cctv-kablolari\/\">CCTV Kablolar\u0131<\/a><\/h3><h4 class=\"feature-desc-wrap\">\u201cKumanda edemeyece\u011fimiz tek \u015fey hayatlar\u0131m\u0131z\u201d Sinyal ve Kontrol kablolar\u0131 hayat\u0131n\u0131z\u0131n her yerinde size e\u015flik ediyor. G\u00fcnl\u00fck kulland\u0131\u011f\u0131n\u0131z basit ev aletlerinden, [&hellip;]<\/h4><\/div><\/div><\/div><div class=\"tg-feature-product-widget element-item uxdesign tg-column-3 portfolio \" data-category=\"portfolio \"><figure><img loading=\"lazy\" decoding=\"async\" width=\"720\" height=\"720\" src=\"https:\/\/triokablo.com\/wp-content\/uploads\/2017\/01\/9.png\" class=\"attachment-full size-full wp-post-image\" alt=\"\" srcset=\"https:\/\/triokablo.com\/wp-content\/uploads\/2017\/01\/9.png 720w, https:\/\/triokablo.com\/wp-content\/uploads\/2017\/01\/9-150x150.png 150w, https:\/\/triokablo.com\/wp-content\/uploads\/2017\/01\/9-300x300.png 300w, https:\/\/triokablo.com\/wp-content\/uploads\/2017\/01\/9-600x600.png 600w, https:\/\/triokablo.com\/wp-content\/uploads\/2017\/01\/9-100x100.png 100w\" sizes=\"auto, (max-width: 720px) 100vw, 720px\" \/><\/figure><div class=\"featured-image-desc\"><span><a href=\"https:\/\/triokablo.com\/tr\/portfoy\/diyafon-kablolari\/\"><i class=\"fa fa-plus\"><\/i><\/a><\/span><div class=\"feature-inner-block\"><h3 class=\"feature-title-wrap\"><a href=\"https:\/\/triokablo.com\/tr\/portfoy\/diyafon-kablolari\/\">Diyafon Kablolar\u0131<\/a><\/h3><h4 class=\"feature-desc-wrap\">\u201cKumanda edemeyece\u011fimiz tek \u015fey hayatlar\u0131m\u0131z\u201d Sinyal ve Kontrol kablolar\u0131 hayat\u0131n\u0131z\u0131n her yerinde size e\u015flik ediyor. G\u00fcnl\u00fck kulland\u0131\u011f\u0131n\u0131z basit ev aletlerinden, [&hellip;]<\/h4><\/div><\/div><\/div><\/div><!-- \/.tg-column-wrapper--><\/div><!-- \/.grid --><\/div><!-- \/.tg-container --><\/div><!-- \/.layout div --><\/div><\/div><\/div><\/div><div id=\"pg-584-3\"  class=\"panel-grid panel-has-style\" ><div class=\"panel-row-style panel-row-style-for-584-3\" ><div id=\"pgc-584-3-0\"  class=\"panel-grid-cell\" ><div id=\"panel-584-3-0-0\" class=\"so-panel widget widget_themegrill_flash_heading tg-widget section-title-wrapper panel-first-child\" data-index=\"6\" >\t<h3 class=\"section-title\">Haberler<\/h3>\n\t<div class=\"section-description\">Trio kablo ve sekt\u00f6rel t\u00fcm haberleri, yararl\u0131 bloglar\u0131 buradan takip edebilirsiniz.<\/div>\n<\/div><div id=\"panel-584-3-0-1\" class=\"so-panel widget widget_themegrill_flash_blog tg-widget blog-section panel-last-child\" data-index=\"7\" >\n<div class=\"blog-wrapper tg-column-wrapper tg-blog-widget-layout-2\">\n\t\t<div class=\"tg-blog-widget tg-column-3\">\n\t\t\t\t<div class=\"post-image image-none\">\n\t\t\t\t\t\t<span class=\"entry-date\">\n\t\t\t\t<i class=\"fa fa-clock-o\"><\/i><a href=\"https:\/\/triokablo.com\/tr\/bizi-taniyin\/\" rel=\"bookmark\">6 A\u011fustos 2019<\/a>\n\t\t\t<\/span>\n\t\t\t\t\t<\/div>\n\t\t<div class=\"blog-content\">\n\t\t\t<h3 class=\"entry-title\"><a href=\"https:\/\/triokablo.com\/tr\/bizi-taniyin\/\">Bizi Tan\u0131y\u0131n<\/a><\/h3>\n\t\t\t\t\t\t<div class=\"entry-summary\">\n\t\t\t\t<p>Genellikle bina i\u00e7i uygulamalar\u0131nda kullan\u0131lan zay\u0131f ak\u0131m kablolar\u0131, teknolojinin geli\u015fmesi ile kullan\u0131lan t\u00fcm teknolojik <\/p>\n\t\t\t<\/div>\n\t\t\t\t\t\t<div class=\"read-more-container\">\n\t\t\t\t<span class=\"entry-author\">\n\t\t\t\t\t<i class=\"fa fa-user\"><\/i><a class=\"url fn n\" href=\"https:\/\/triokablo.com\/tr\/author\/triokablo\/\">triokablo<\/a>\n\t\t\t\t<\/span>\n\t\t\t\t<div class=\"read-more\">\n\t\t\t\t\t<a href=\"https:\/\/triokablo.com\/tr\/bizi-taniyin\/\">Read More<\/a>\n\t\t\t\t<\/div>\n\t\t\t<\/div>\n\t\t\t\t\t<\/div>\n\t<\/div>\n\t\t<div class=\"tg-blog-widget tg-column-3\">\n\t\t\t\t<div class=\"post-image image-none\">\n\t\t\t\t\t\t<span class=\"entry-date\">\n\t\t\t\t<i class=\"fa fa-clock-o\"><\/i><a href=\"https:\/\/triokablo.com\/tr\/kablo-sektorune-yeni-adimlar-attik\/\" rel=\"bookmark\">1 Temmuz 2019<\/a>\n\t\t\t<\/span>\n\t\t\t\t\t<\/div>\n\t\t<div class=\"blog-content\">\n\t\t\t<h3 class=\"entry-title\"><a href=\"https:\/\/triokablo.com\/tr\/kablo-sektorune-yeni-adimlar-attik\/\">Kablo Sekt\u00f6r\u00fcne Yeni Ad\u0131mlar Att\u0131k!<\/a><\/h3>\n\t\t\t\t\t\t<div class=\"entry-summary\">\n\t\t\t\t<p>Fabrikam\u0131zdaki tecr\u00fcbeli imalat kadromuz, Yurti\u00e7i \u2013 Yurtd\u0131\u015f\u0131 profesyonel sat\u0131\u015f kadromuz ve inovatif d\u00fc\u015f\u00fcnce<\/p>\n\t\t\t<\/div>\n\t\t\t\t\t\t<div class=\"read-more-container\">\n\t\t\t\t<span class=\"entry-author\">\n\t\t\t\t\t<i class=\"fa fa-user\"><\/i><a class=\"url fn n\" href=\"https:\/\/triokablo.com\/tr\/author\/triokablo\/\">triokablo<\/a>\n\t\t\t\t<\/span>\n\t\t\t\t<div class=\"read-more\">\n\t\t\t\t\t<a href=\"https:\/\/triokablo.com\/tr\/kablo-sektorune-yeni-adimlar-attik\/\">Read More<\/a>\n\t\t\t\t<\/div>\n\t\t\t<\/div>\n\t\t\t\t\t<\/div>\n\t<\/div>\n\t\t<div class=\"tg-blog-widget tg-column-3\">\n\t\t\t\t<div class=\"post-image image-none\">\n\t\t\t\t\t\t<span class=\"entry-date\">\n\t\t\t\t<i class=\"fa fa-clock-o\"><\/i><a href=\"https:\/\/triokablo.com\/tr\/gercek-kalite-mottosuyla-yola-ciktik\/\" rel=\"bookmark\">28 Haziran 2019<\/a>\n\t\t\t<\/span>\n\t\t\t\t\t<\/div>\n\t\t<div class=\"blog-content\">\n\t\t\t<h3 class=\"entry-title\"><a href=\"https:\/\/triokablo.com\/tr\/gercek-kalite-mottosuyla-yola-ciktik\/\">\u201cGer\u00e7ek Kalite\u2019\u2019 mottosuyla yola \u00e7\u0131kt\u0131k<\/a><\/h3>\n\t\t\t\t\t\t<div class=\"entry-summary\">\n\t\t\t\t<p>Trio Kablo sekt\u00f6rde \u00e7ok uzun y\u0131llar y\u00f6neticilik ve giri\u015fimcilik yapm\u0131\u015f profesyoneller taraf\u0131ndan Mart 2017<\/p>\n\t\t\t<\/div>\n\t\t\t\t\t\t<div class=\"read-more-container\">\n\t\t\t\t<span class=\"entry-author\">\n\t\t\t\t\t<i class=\"fa fa-user\"><\/i><a class=\"url fn n\" href=\"https:\/\/triokablo.com\/tr\/author\/triokablo\/\">triokablo<\/a>\n\t\t\t\t<\/span>\n\t\t\t\t<div class=\"read-more\">\n\t\t\t\t\t<a href=\"https:\/\/triokablo.com\/tr\/gercek-kalite-mottosuyla-yola-ciktik\/\">Read More<\/a>\n\t\t\t\t<\/div>\n\t\t\t<\/div>\n\t\t\t\t\t<\/div>\n\t<\/div>\n\t<\/div><!-- .blog-wrapper -->\n<\/div><\/div><\/div><\/div><div id=\"pg-584-4\"  class=\"panel-grid panel-has-style\" ><div class=\"siteorigin-panels-stretch panel-row-style panel-row-style-for-584-4\" data-stretch-type=\"full\" ><div id=\"pgc-584-4-0\"  class=\"panel-grid-cell\" ><div id=\"panel-584-4-0-0\" class=\"so-panel widget widget_themegrill_flash_cta tg-widget call-to-action-section panel-first-child panel-last-child\" data-index=\"8\" ><div class=\"panel-widget-style panel-widget-style-for-584-4-0-0\" ><div class=\"cta-wrapper call-to-action-section-layout-1\">\n\t<div class=\"section-title-wrapper\">\n\t\t\t\t<h3 class=\"section-title\">\u00dcr\u00fcnlerimizi Ke\u015ffetmek ve Teknik Bilgilendirme i\u00e7in<\/h3>\n\t\t\t<\/div>\n\t\t<div class=\"btn-wrapper\">\n\t\t\t\t<a class=\"btn\" href=\"https:\/\/triokablo.com\/wp-content\/uploads\/2020\/02\/triokablo-katalog-1.pdf\">Katalogumuzu Ke\u015ffedin<\/a>\n\t\t\t\t\t<\/div>\n\t<\/div>\n<\/div><\/div><\/div><\/div><\/div><div id=\"pg-584-5\"  class=\"panel-grid panel-has-style\" ><div class=\"panel-row-style panel-row-style-for-584-5\" ><div id=\"pgc-584-5-0\"  class=\"panel-grid-cell\" ><div id=\"panel-584-5-0-0\" class=\"so-panel widget widget_themegrill_flash_heading tg-widget section-title-wrapper panel-first-child\" data-index=\"9\" >\t<h3 class=\"section-title\">Referanslar<\/h3>\n<\/div><div id=\"panel-584-5-0-1\" class=\"so-panel widget widget_themegrill_flash_logo tg-section client-section panel-last-child\" data-index=\"10\" ><div class=\"tg-client-widget\">\n\t<div class=\"client-container swiper-container\">\n\t\t<div class=\"client-wrapper swiper-wrapper\">\n\t\t\t\t\t<div class=\"client-slide swiper-slide\">\n\t\t\t\t<img decoding=\"async\" src=\"https:\/\/triokablo.com\/wp-content\/uploads\/2019\/12\/1.png\" alt=\"maryapi-triokablo\" \/>\n\t\t\t<\/div>\n\t\t\t\t\t\t<div class=\"client-slide swiper-slide\">\n\t\t\t\t<img decoding=\"async\" src=\"https:\/\/triokablo.com\/wp-content\/uploads\/2019\/12\/24.png\" alt=\"garantikoza-triokablo\" \/>\n\t\t\t<\/div>\n\t\t\t\t\t\t<div class=\"client-slide swiper-slide\">\n\t\t\t\t<img decoding=\"async\" src=\"https:\/\/triokablo.com\/wp-content\/uploads\/2019\/12\/14.png\" alt=\"mallofantalya-triokablo\" \/>\n\t\t\t<\/div>\n\t\t\t\t\t\t<div class=\"client-slide swiper-slide\">\n\t\t\t\t<img decoding=\"async\" src=\"https:\/\/triokablo.com\/wp-content\/uploads\/2019\/12\/6.png\" alt=\"ronesansholding-triokablo\" \/>\n\t\t\t<\/div>\n\t\t\t\t\t\t<div class=\"client-slide swiper-slide\">\n\t\t\t\t<img decoding=\"async\" src=\"https:\/\/triokablo.com\/wp-content\/uploads\/2019\/12\/16.png\" alt=\"eczaci\" \/>\n\t\t\t<\/div>\n\t\t\t\t\t<\/div>\n\t<\/div>\n<\/div>\n<\/div><\/div><\/div><\/div><\/div>","protected":false},"excerpt":{"rendered":"<p>\u00dcr\u00fcnlerimiz Trio Kablo olarak t\u00fcm \u00fcretimde oldu\u011fumuz kablolar\u0131m\u0131z\u0131 ke\u015ffedebilirsiniz. \u00dcr\u00fcnlere Git Profesyonel Destek Trio Kablo, kurumsal destek i\u00e7in t\u00fcm imkanlar\u0131n\u0131 [&hellip;]<\/p>\n","protected":false},"author":1,"featured_media":0,"parent":0,"menu_order":0,"comment_status":"closed","ping_status":"closed","template":"page-templates\/pagebuilder.php","meta":{"footnotes":""},"class_list":["post-584","page","type-page","status-publish","hentry"],"aioseo_notices":[],"_links":{"self":[{"href":"https:\/\/triokablo.com\/tr\/wp-json\/wp\/v2\/pages\/584","targetHints":{"allow":["GET"]}}],"collection":[{"href":"https:\/\/triokablo.com\/tr\/wp-json\/wp\/v2\/pages"}],"about":[{"href":"https:\/\/triokablo.com\/tr\/wp-json\/wp\/v2\/types\/page"}],"author":[{"embeddable":true,"href":"https:\/\/triokablo.com\/tr\/wp-json\/wp\/v2\/users\/1"}],"replies":[{"embeddable":true,"href":"https:\/\/triokablo.com\/tr\/wp-json\/wp\/v2\/comments?post=584"}],"version-history":[{"count":202,"href":"https:\/\/triokablo.com\/tr\/wp-json\/wp\/v2\/pages\/584\/revisions"}],"predecessor-version":[{"id":2394,"href":"https:\/\/triokablo.com\/tr\/wp-json\/wp\/v2\/pages\/584\/revisions\/2394"}],"wp:attachment":[{"href":"https:\/\/triokablo.com\/tr\/wp-json\/wp\/v2\/media?parent=584"}],"curies":[{"name":"wp","href":"https:\/\/api.w.org\/{rel}","templated":true}]}}