{"id":1296,"date":"2020-04-15T22:16:12","date_gmt":"2020-04-15T19:16:12","guid":{"rendered":"https:\/\/triokablo.com\/?post_type=product&#038;p=1296"},"modified":"2020-07-16T16:27:59","modified_gmt":"2020-07-16T13:27:59","slug":"lih-st-h-fe-180-ph120","status":"publish","type":"product","link":"https:\/\/triokablo.com\/tr\/urun\/lih-st-h-fe-180-ph120\/","title":{"rendered":"LIH(St)H FE 180 PH120"},"content":{"rendered":"<p><img loading=\"lazy\" decoding=\"async\" class=\"aligncenter wp-image-1298 size-full\" src=\"https:\/\/triokablo.com\/wp-content\/uploads\/2020\/04\/Ekran-Al\u0131nt\u0131s\u01315.png\" alt=\"\" width=\"882\" height=\"252\" srcset=\"https:\/\/triokablo.com\/wp-content\/uploads\/2020\/04\/Ekran-Al\u0131nt\u0131s\u01315.png 882w, https:\/\/triokablo.com\/wp-content\/uploads\/2020\/04\/Ekran-Al\u0131nt\u0131s\u01315-300x86.png 300w, https:\/\/triokablo.com\/wp-content\/uploads\/2020\/04\/Ekran-Al\u0131nt\u0131s\u01315-768x219.png 768w, https:\/\/triokablo.com\/wp-content\/uploads\/2020\/04\/Ekran-Al\u0131nt\u0131s\u01315-600x171.png 600w\" sizes=\"auto, (max-width: 882px) 100vw, 882px\" \/><\/p>\n","protected":false},"excerpt":{"rendered":"<p style=\"text-align: left;\">Yang\u0131n an\u0131nda devre kesmeden sinyal iletimini devam ettiren bu kablolar, yang\u0131n<br \/>\nalarm ve g\u00fcvenlik sistemlerinde kullan\u0131lmaktad\u0131r. (\u00c7ok say\u0131da insan\u0131n bulundu\u011fu metrolar, t\u00fcneller, al\u0131\u015fveri\u015f merkezleri, hastaneler, hava alanlar\u0131, oteller, konutlar, end\u00fcstriyel tesisler vb. alanlarda kullan\u0131l\u0131rlar.) Bu tip kablolar, halojensiz,<br \/>\nalev geciktirici ve d\u00fc\u015f\u00fck duman yo\u011funlu\u011funa sahiptirler.<\/p>\n","protected":false},"featured_media":1297,"comment_status":"open","ping_status":"closed","template":"","meta":[],"product_brand":[],"product_cat":[40],"product_tag":[],"class_list":{"0":"post-1296","1":"product","2":"type-product","3":"status-publish","4":"has-post-thumbnail","6":"product_cat-yangina-dayanakli-kablolar","8":"first","9":"instock","10":"shipping-taxable","11":"product-type-simple"},"aioseo_notices":[],"_links":{"self":[{"href":"https:\/\/triokablo.com\/tr\/wp-json\/wp\/v2\/product\/1296","targetHints":{"allow":["GET"]}}],"collection":[{"href":"https:\/\/triokablo.com\/tr\/wp-json\/wp\/v2\/product"}],"about":[{"href":"https:\/\/triokablo.com\/tr\/wp-json\/wp\/v2\/types\/product"}],"replies":[{"embeddable":true,"href":"https:\/\/triokablo.com\/tr\/wp-json\/wp\/v2\/comments?post=1296"}],"wp:featuredmedia":[{"embeddable":true,"href":"https:\/\/triokablo.com\/tr\/wp-json\/wp\/v2\/media\/1297"}],"wp:attachment":[{"href":"https:\/\/triokablo.com\/tr\/wp-json\/wp\/v2\/media?parent=1296"}],"wp:term":[{"taxonomy":"product_brand","embeddable":true,"href":"https:\/\/triokablo.com\/tr\/wp-json\/wp\/v2\/product_brand?post=1296"},{"taxonomy":"product_cat","embeddable":true,"href":"https:\/\/triokablo.com\/tr\/wp-json\/wp\/v2\/product_cat?post=1296"},{"taxonomy":"product_tag","embeddable":true,"href":"https:\/\/triokablo.com\/tr\/wp-json\/wp\/v2\/product_tag?post=1296"}],"curies":[{"name":"wp","href":"https:\/\/api.w.org\/{rel}","templated":true}]}}