{"id":1300,"date":"2020-04-15T22:24:46","date_gmt":"2020-04-15T19:24:46","guid":{"rendered":"https:\/\/triokablo.com\/?post_type=product&#038;p=1300"},"modified":"2020-07-16T16:28:04","modified_gmt":"2020-07-16T13:28:04","slug":"lih-st-ch-fe-180-ph120","status":"publish","type":"product","link":"https:\/\/triokablo.com\/tr\/urun\/lih-st-ch-fe-180-ph120\/","title":{"rendered":"LIH(St)CH FE 180 PH120"},"content":{"rendered":"<p><img loading=\"lazy\" decoding=\"async\" class=\"aligncenter wp-image-1302 size-full\" src=\"https:\/\/triokablo.com\/wp-content\/uploads\/2020\/04\/Ekran-Al\u0131nt\u0131s\u01316.png\" alt=\"\" width=\"883\" height=\"254\" srcset=\"https:\/\/triokablo.com\/wp-content\/uploads\/2020\/04\/Ekran-Al\u0131nt\u0131s\u01316.png 883w, https:\/\/triokablo.com\/wp-content\/uploads\/2020\/04\/Ekran-Al\u0131nt\u0131s\u01316-300x86.png 300w, https:\/\/triokablo.com\/wp-content\/uploads\/2020\/04\/Ekran-Al\u0131nt\u0131s\u01316-768x221.png 768w, https:\/\/triokablo.com\/wp-content\/uploads\/2020\/04\/Ekran-Al\u0131nt\u0131s\u01316-600x173.png 600w\" sizes=\"auto, (max-width: 883px) 100vw, 883px\" \/><\/p>\n","protected":false},"excerpt":{"rendered":"<p style=\"text-align: left;\">Yang\u0131n an\u0131nda devre kesmeden sinyal iletimini devam ettiren bu kablolar,<br \/>\nyang\u0131n alarm ve g\u00fcvenlik sistemlerinde kullan\u0131lmaktad\u0131r. (\u00c7ok say\u0131da insan\u0131n<br \/>\nbulundu\u011fu metrolar, t\u00fcneller, al\u0131\u015fveri\u015f merkezleri, hastaneler, hava alanlar\u0131,<br \/>\noteller, konutlar, end\u00fcstriyel tesisler vb. alanlarda kullan\u0131l\u0131rlar.) Bu tip kablolar,<br \/>\nhalojensiz, alev geciktirici ve d\u00fc\u015f\u00fck duman yo\u011funlu\u011funa sahiptirler.<\/p>\n","protected":false},"featured_media":1316,"comment_status":"open","ping_status":"closed","template":"","meta":[],"product_brand":[],"product_cat":[40],"product_tag":[],"class_list":{"0":"post-1300","1":"product","2":"type-product","3":"status-publish","4":"has-post-thumbnail","6":"product_cat-yangina-dayanakli-kablolar","8":"first","9":"instock","10":"shipping-taxable","11":"product-type-simple"},"aioseo_notices":[],"_links":{"self":[{"href":"https:\/\/triokablo.com\/tr\/wp-json\/wp\/v2\/product\/1300","targetHints":{"allow":["GET"]}}],"collection":[{"href":"https:\/\/triokablo.com\/tr\/wp-json\/wp\/v2\/product"}],"about":[{"href":"https:\/\/triokablo.com\/tr\/wp-json\/wp\/v2\/types\/product"}],"replies":[{"embeddable":true,"href":"https:\/\/triokablo.com\/tr\/wp-json\/wp\/v2\/comments?post=1300"}],"wp:featuredmedia":[{"embeddable":true,"href":"https:\/\/triokablo.com\/tr\/wp-json\/wp\/v2\/media\/1316"}],"wp:attachment":[{"href":"https:\/\/triokablo.com\/tr\/wp-json\/wp\/v2\/media?parent=1300"}],"wp:term":[{"taxonomy":"product_brand","embeddable":true,"href":"https:\/\/triokablo.com\/tr\/wp-json\/wp\/v2\/product_brand?post=1300"},{"taxonomy":"product_cat","embeddable":true,"href":"https:\/\/triokablo.com\/tr\/wp-json\/wp\/v2\/product_cat?post=1300"},{"taxonomy":"product_tag","embeddable":true,"href":"https:\/\/triokablo.com\/tr\/wp-json\/wp\/v2\/product_tag?post=1300"}],"curies":[{"name":"wp","href":"https:\/\/api.w.org\/{rel}","templated":true}]}}