{"id":1369,"date":"2020-04-16T06:46:16","date_gmt":"2020-04-16T03:46:16","guid":{"rendered":"https:\/\/triokablo.com\/?post_type=product&#038;p=1369"},"modified":"2020-07-16T16:54:14","modified_gmt":"2020-07-16T13:54:14","slug":"pdapv-pdapv-k","status":"publish","type":"product","link":"https:\/\/triokablo.com\/tr\/urun\/pdapv-pdapv-k\/","title":{"rendered":"PDAPV \/ PDAPV -K"},"content":{"rendered":"<p><img loading=\"lazy\" decoding=\"async\" class=\"aligncenter wp-image-1371 size-full\" src=\"https:\/\/triokablo.com\/wp-content\/uploads\/2020\/04\/\u00fca465.png\" alt=\"\" width=\"880\" height=\"545\" srcset=\"https:\/\/triokablo.com\/wp-content\/uploads\/2020\/04\/\u00fca465.png 880w, https:\/\/triokablo.com\/wp-content\/uploads\/2020\/04\/\u00fca465-300x186.png 300w, https:\/\/triokablo.com\/wp-content\/uploads\/2020\/04\/\u00fca465-768x476.png 768w, https:\/\/triokablo.com\/wp-content\/uploads\/2020\/04\/\u00fca465-600x372.png 600w\" sizes=\"auto, (max-width: 880px) 100vw, 880px\" \/><\/p>\n","protected":false},"excerpt":{"rendered":"<p>Bu kablolar sabit bina i\u00e7i tesisatlar\u0131nda santral ve abone da\u011f\u0131t\u0131m kablosu<br \/>\nolarak kullan\u0131l\u0131rlar<\/p>\n","protected":false},"featured_media":1370,"comment_status":"open","ping_status":"closed","template":"","meta":[],"product_brand":[],"product_cat":[42],"product_tag":[],"class_list":{"0":"post-1369","1":"product","2":"type-product","3":"status-publish","4":"has-post-thumbnail","6":"product_cat-haberlesme-kablolari","8":"first","9":"instock","10":"shipping-taxable","11":"product-type-simple"},"aioseo_notices":[],"_links":{"self":[{"href":"https:\/\/triokablo.com\/tr\/wp-json\/wp\/v2\/product\/1369","targetHints":{"allow":["GET"]}}],"collection":[{"href":"https:\/\/triokablo.com\/tr\/wp-json\/wp\/v2\/product"}],"about":[{"href":"https:\/\/triokablo.com\/tr\/wp-json\/wp\/v2\/types\/product"}],"replies":[{"embeddable":true,"href":"https:\/\/triokablo.com\/tr\/wp-json\/wp\/v2\/comments?post=1369"}],"wp:featuredmedia":[{"embeddable":true,"href":"https:\/\/triokablo.com\/tr\/wp-json\/wp\/v2\/media\/1370"}],"wp:attachment":[{"href":"https:\/\/triokablo.com\/tr\/wp-json\/wp\/v2\/media?parent=1369"}],"wp:term":[{"taxonomy":"product_brand","embeddable":true,"href":"https:\/\/triokablo.com\/tr\/wp-json\/wp\/v2\/product_brand?post=1369"},{"taxonomy":"product_cat","embeddable":true,"href":"https:\/\/triokablo.com\/tr\/wp-json\/wp\/v2\/product_cat?post=1369"},{"taxonomy":"product_tag","embeddable":true,"href":"https:\/\/triokablo.com\/tr\/wp-json\/wp\/v2\/product_tag?post=1369"}],"curies":[{"name":"wp","href":"https:\/\/api.w.org\/{rel}","templated":true}]}}