{"id":1426,"date":"2020-04-16T14:27:10","date_gmt":"2020-04-16T11:27:10","guid":{"rendered":"https:\/\/triokablo.com\/?post_type=product&#038;p=1426"},"modified":"2020-07-16T16:54:33","modified_gmt":"2020-07-16T13:54:33","slug":"je-hh-bd","status":"publish","type":"product","link":"https:\/\/triokablo.com\/tr\/urun\/je-hh-bd\/","title":{"rendered":"JE-HH&#8230;Bd"},"content":{"rendered":"<p><img loading=\"lazy\" decoding=\"async\" class=\"aligncenter wp-image-1429 size-full\" src=\"https:\/\/triokablo.com\/wp-content\/uploads\/2020\/04\/4862.png\" alt=\"\" width=\"880\" height=\"229\" srcset=\"https:\/\/triokablo.com\/wp-content\/uploads\/2020\/04\/4862.png 880w, https:\/\/triokablo.com\/wp-content\/uploads\/2020\/04\/4862-300x78.png 300w, https:\/\/triokablo.com\/wp-content\/uploads\/2020\/04\/4862-768x200.png 768w, https:\/\/triokablo.com\/wp-content\/uploads\/2020\/04\/4862-600x156.png 600w\" sizes=\"auto, (max-width: 880px) 100vw, 880px\" \/><\/p>\n","protected":false},"excerpt":{"rendered":"<p>Bu kablolar bina i\u00e7i tesisatlarda yang\u0131n ihbar sistemlerinde kullan\u0131l\u0131r. Bu tip<br \/>\nkablolar, halojensiz, alev geciktirici ve d\u00fc\u015f\u00fck duman yo\u011funlu\u011funa sahiptirler.<\/p>\n","protected":false},"featured_media":1427,"comment_status":"open","ping_status":"closed","template":"","meta":[],"product_brand":[],"product_cat":[42],"product_tag":[],"class_list":{"0":"post-1426","1":"product","2":"type-product","3":"status-publish","4":"has-post-thumbnail","6":"product_cat-haberlesme-kablolari","8":"first","9":"instock","10":"shipping-taxable","11":"product-type-simple"},"aioseo_notices":[],"_links":{"self":[{"href":"https:\/\/triokablo.com\/tr\/wp-json\/wp\/v2\/product\/1426","targetHints":{"allow":["GET"]}}],"collection":[{"href":"https:\/\/triokablo.com\/tr\/wp-json\/wp\/v2\/product"}],"about":[{"href":"https:\/\/triokablo.com\/tr\/wp-json\/wp\/v2\/types\/product"}],"replies":[{"embeddable":true,"href":"https:\/\/triokablo.com\/tr\/wp-json\/wp\/v2\/comments?post=1426"}],"wp:featuredmedia":[{"embeddable":true,"href":"https:\/\/triokablo.com\/tr\/wp-json\/wp\/v2\/media\/1427"}],"wp:attachment":[{"href":"https:\/\/triokablo.com\/tr\/wp-json\/wp\/v2\/media?parent=1426"}],"wp:term":[{"taxonomy":"product_brand","embeddable":true,"href":"https:\/\/triokablo.com\/tr\/wp-json\/wp\/v2\/product_brand?post=1426"},{"taxonomy":"product_cat","embeddable":true,"href":"https:\/\/triokablo.com\/tr\/wp-json\/wp\/v2\/product_cat?post=1426"},{"taxonomy":"product_tag","embeddable":true,"href":"https:\/\/triokablo.com\/tr\/wp-json\/wp\/v2\/product_tag?post=1426"}],"curies":[{"name":"wp","href":"https:\/\/api.w.org\/{rel}","templated":true}]}}