{"id":1441,"date":"2020-04-17T01:46:23","date_gmt":"2020-04-16T22:46:23","guid":{"rendered":"https:\/\/triokablo.com\/?post_type=product&#038;p=1441"},"modified":"2020-07-16T16:49:06","modified_gmt":"2020-07-16T13:49:06","slug":"rg-59-u-4-cu-al-hffr","status":"publish","type":"product","link":"https:\/\/triokablo.com\/tr\/urun\/rg-59-u-4-cu-al-hffr\/","title":{"rendered":"RG-59\/U-4 Cu\/Al HFFR"},"content":{"rendered":"<p><img loading=\"lazy\" decoding=\"async\" class=\"aligncenter wp-image-1442 size-full\" src=\"https:\/\/triokablo.com\/wp-content\/uploads\/2020\/04\/5kran-Al\u0131nt\u0131s\u0131.png\" alt=\"\" width=\"691\" height=\"143\" srcset=\"https:\/\/triokablo.com\/wp-content\/uploads\/2020\/04\/5kran-Al\u0131nt\u0131s\u0131.png 691w, https:\/\/triokablo.com\/wp-content\/uploads\/2020\/04\/5kran-Al\u0131nt\u0131s\u0131-300x62.png 300w, https:\/\/triokablo.com\/wp-content\/uploads\/2020\/04\/5kran-Al\u0131nt\u0131s\u0131-600x124.png 600w\" sizes=\"auto, (max-width: 691px) 100vw, 691px\" \/><\/p>\n","protected":false},"excerpt":{"rendered":"<p>Bina i\u00e7i CATV ve CCTV sistemlerinde da\u011f\u0131t\u0131m kablosu ve d\u00fc\u015f\u00fck zay\u0131flama<br \/>\nistenen SATV uydu anten sistemlerinde ba\u011flant\u0131 kablosu olarak kullan\u0131l\u0131r.<br \/>\nBu kablolar, d\u00fc\u015f\u00fck duman yo\u011funlu\u011funa sahip olup, yang\u0131n s\u0131ras\u0131nda zehirli gaz<br \/>\n\u00e7\u0131karmazlar.<\/p>\n","protected":false},"featured_media":1445,"comment_status":"open","ping_status":"closed","template":"","meta":[],"product_brand":[],"product_cat":[43],"product_tag":[],"class_list":{"0":"post-1441","1":"product","2":"type-product","3":"status-publish","4":"has-post-thumbnail","6":"product_cat-koaksiyel-kablolar","8":"first","9":"instock","10":"shipping-taxable","11":"product-type-simple"},"aioseo_notices":[],"_links":{"self":[{"href":"https:\/\/triokablo.com\/tr\/wp-json\/wp\/v2\/product\/1441","targetHints":{"allow":["GET"]}}],"collection":[{"href":"https:\/\/triokablo.com\/tr\/wp-json\/wp\/v2\/product"}],"about":[{"href":"https:\/\/triokablo.com\/tr\/wp-json\/wp\/v2\/types\/product"}],"replies":[{"embeddable":true,"href":"https:\/\/triokablo.com\/tr\/wp-json\/wp\/v2\/comments?post=1441"}],"wp:featuredmedia":[{"embeddable":true,"href":"https:\/\/triokablo.com\/tr\/wp-json\/wp\/v2\/media\/1445"}],"wp:attachment":[{"href":"https:\/\/triokablo.com\/tr\/wp-json\/wp\/v2\/media?parent=1441"}],"wp:term":[{"taxonomy":"product_brand","embeddable":true,"href":"https:\/\/triokablo.com\/tr\/wp-json\/wp\/v2\/product_brand?post=1441"},{"taxonomy":"product_cat","embeddable":true,"href":"https:\/\/triokablo.com\/tr\/wp-json\/wp\/v2\/product_cat?post=1441"},{"taxonomy":"product_tag","embeddable":true,"href":"https:\/\/triokablo.com\/tr\/wp-json\/wp\/v2\/product_tag?post=1441"}],"curies":[{"name":"wp","href":"https:\/\/api.w.org\/{rel}","templated":true}]}}