{"id":1468,"date":"2020-04-17T02:18:22","date_gmt":"2020-04-16T23:18:22","guid":{"rendered":"https:\/\/triokablo.com\/?post_type=product&#038;p=1468"},"modified":"2020-07-16T16:48:42","modified_gmt":"2020-07-16T13:48:42","slug":"rg-6-u-4-cu-al-hffr","status":"publish","type":"product","link":"https:\/\/triokablo.com\/tr\/urun\/rg-6-u-4-cu-al-hffr\/","title":{"rendered":"RG-6\/U-4 Cu\/Al HFFR"},"content":{"rendered":"<p><img loading=\"lazy\" decoding=\"async\" class=\"aligncenter wp-image-1469 size-full\" src=\"https:\/\/triokablo.com\/wp-content\/uploads\/2020\/04\/3-2.png\" alt=\"\" width=\"688\" height=\"145\" srcset=\"https:\/\/triokablo.com\/wp-content\/uploads\/2020\/04\/3-2.png 688w, https:\/\/triokablo.com\/wp-content\/uploads\/2020\/04\/3-2-300x63.png 300w, https:\/\/triokablo.com\/wp-content\/uploads\/2020\/04\/3-2-600x126.png 600w\" sizes=\"auto, (max-width: 688px) 100vw, 688px\" \/><\/p>\n","protected":false},"excerpt":{"rendered":"<p>Bina i\u00e7i CATV ve CCTV sistemlerinde da\u011f\u0131t\u0131m kablosu ve d\u00fc\u015f\u00fck zay\u0131flama<br \/>\nistenen SATV uydu anten sistemlerinde ba\u011flant\u0131 kablosu olarak kullan\u0131l\u0131r.<br \/>\nBu kablolar, d\u00fc\u015f\u00fck duman yo\u011funlu\u011funa sahip olup, yang\u0131n s\u0131ras\u0131nda zehirli gaz<br \/>\n\u00e7\u0131karmazlar.<\/p>\n","protected":false},"featured_media":1472,"comment_status":"open","ping_status":"closed","template":"","meta":[],"product_brand":[],"product_cat":[43],"product_tag":[],"class_list":{"0":"post-1468","1":"product","2":"type-product","3":"status-publish","4":"has-post-thumbnail","6":"product_cat-koaksiyel-kablolar","8":"first","9":"instock","10":"shipping-taxable","11":"product-type-simple"},"aioseo_notices":[],"_links":{"self":[{"href":"https:\/\/triokablo.com\/tr\/wp-json\/wp\/v2\/product\/1468","targetHints":{"allow":["GET"]}}],"collection":[{"href":"https:\/\/triokablo.com\/tr\/wp-json\/wp\/v2\/product"}],"about":[{"href":"https:\/\/triokablo.com\/tr\/wp-json\/wp\/v2\/types\/product"}],"replies":[{"embeddable":true,"href":"https:\/\/triokablo.com\/tr\/wp-json\/wp\/v2\/comments?post=1468"}],"wp:featuredmedia":[{"embeddable":true,"href":"https:\/\/triokablo.com\/tr\/wp-json\/wp\/v2\/media\/1472"}],"wp:attachment":[{"href":"https:\/\/triokablo.com\/tr\/wp-json\/wp\/v2\/media?parent=1468"}],"wp:term":[{"taxonomy":"product_brand","embeddable":true,"href":"https:\/\/triokablo.com\/tr\/wp-json\/wp\/v2\/product_brand?post=1468"},{"taxonomy":"product_cat","embeddable":true,"href":"https:\/\/triokablo.com\/tr\/wp-json\/wp\/v2\/product_cat?post=1468"},{"taxonomy":"product_tag","embeddable":true,"href":"https:\/\/triokablo.com\/tr\/wp-json\/wp\/v2\/product_tag?post=1468"}],"curies":[{"name":"wp","href":"https:\/\/api.w.org\/{rel}","templated":true}]}}