{"id":2087,"date":"2020-07-16T11:44:17","date_gmt":"2020-07-16T08:44:17","guid":{"rendered":"https:\/\/triokablo.com\/?post_type=product&#038;p=2087"},"modified":"2020-07-16T15:59:56","modified_gmt":"2020-07-16T12:59:56","slug":"rs-232-li2ystcy-tp","status":"publish","type":"product","link":"https:\/\/triokablo.com\/tr\/urun\/rs-232-li2ystcy-tp\/","title":{"rendered":"RS 232 LI2Y(St)CY-TP"},"content":{"rendered":"<p><img loading=\"lazy\" decoding=\"async\" class=\"aligncenter wp-image-1687 size-full\" src=\"https:\/\/triokablo.com\/wp-content\/uploads\/2020\/04\/i\u00e7.png\" alt=\"\" width=\"872\" height=\"326\" srcset=\"https:\/\/triokablo.com\/wp-content\/uploads\/2020\/04\/i\u00e7.png 872w, https:\/\/triokablo.com\/wp-content\/uploads\/2020\/04\/i\u00e7-300x112.png 300w, https:\/\/triokablo.com\/wp-content\/uploads\/2020\/04\/i\u00e7-768x287.png 768w, https:\/\/triokablo.com\/wp-content\/uploads\/2020\/04\/i\u00e7-600x224.png 600w\" sizes=\"auto, (max-width: 872px) 100vw, 872px\" \/><\/p>\n","protected":false},"excerpt":{"rendered":"<p>Bu kablolar RS 232 protokol\u00fc i\u00e7in uygundur. Iki cihaz aras\u0131nda seri bilgi<br \/>\nal\u0131\u015fveri\u015fi i\u00e7in tasarlanm\u0131\u015ft\u0131r.<\/p>\n","protected":false},"featured_media":1689,"comment_status":"open","ping_status":"closed","template":"","meta":[],"product_brand":[],"product_cat":[129],"product_tag":[],"class_list":{"0":"post-2087","1":"product","2":"type-product","3":"status-publish","4":"has-post-thumbnail","6":"product_cat-veri-iletisim-kablolari","8":"first","9":"instock","10":"shipping-taxable","11":"product-type-simple"},"aioseo_notices":[],"_links":{"self":[{"href":"https:\/\/triokablo.com\/tr\/wp-json\/wp\/v2\/product\/2087","targetHints":{"allow":["GET"]}}],"collection":[{"href":"https:\/\/triokablo.com\/tr\/wp-json\/wp\/v2\/product"}],"about":[{"href":"https:\/\/triokablo.com\/tr\/wp-json\/wp\/v2\/types\/product"}],"replies":[{"embeddable":true,"href":"https:\/\/triokablo.com\/tr\/wp-json\/wp\/v2\/comments?post=2087"}],"wp:featuredmedia":[{"embeddable":true,"href":"https:\/\/triokablo.com\/tr\/wp-json\/wp\/v2\/media\/1689"}],"wp:attachment":[{"href":"https:\/\/triokablo.com\/tr\/wp-json\/wp\/v2\/media?parent=2087"}],"wp:term":[{"taxonomy":"product_brand","embeddable":true,"href":"https:\/\/triokablo.com\/tr\/wp-json\/wp\/v2\/product_brand?post=2087"},{"taxonomy":"product_cat","embeddable":true,"href":"https:\/\/triokablo.com\/tr\/wp-json\/wp\/v2\/product_cat?post=2087"},{"taxonomy":"product_tag","embeddable":true,"href":"https:\/\/triokablo.com\/tr\/wp-json\/wp\/v2\/product_tag?post=2087"}],"curies":[{"name":"wp","href":"https:\/\/api.w.org\/{rel}","templated":true}]}}