{"id":2090,"date":"2020-07-16T11:49:54","date_gmt":"2020-07-16T08:49:54","guid":{"rendered":"https:\/\/triokablo.com\/?post_type=product&#038;p=2090"},"modified":"2020-07-16T15:59:48","modified_gmt":"2020-07-16T12:59:48","slug":"eib-hsth","status":"publish","type":"product","link":"https:\/\/triokablo.com\/tr\/urun\/eib-hsth\/","title":{"rendered":"EIB-H(St)H"},"content":{"rendered":"<p><img loading=\"lazy\" decoding=\"async\" class=\"aligncenter wp-image-1676 size-full\" src=\"https:\/\/triokablo.com\/wp-content\/uploads\/2020\/04\/s.png\" alt=\"\" width=\"866\" height=\"174\" srcset=\"https:\/\/triokablo.com\/wp-content\/uploads\/2020\/04\/s.png 866w, https:\/\/triokablo.com\/wp-content\/uploads\/2020\/04\/s-300x60.png 300w, https:\/\/triokablo.com\/wp-content\/uploads\/2020\/04\/s-768x154.png 768w, https:\/\/triokablo.com\/wp-content\/uploads\/2020\/04\/s-600x121.png 600w\" sizes=\"auto, (max-width: 866px) 100vw, 866px\" \/><\/p>\n","protected":false},"excerpt":{"rendered":"<p>Bina kontrol sistemlerinde daha \u00e7ok konfor, g\u00fcvenlik, enerji tasarrufu<br \/>\nsa\u011flayabilmek i\u00e7in uygulanan INSTABUS EIB veri sistemlerii i\u00e7in tasarlanm\u0131\u015ft\u0131r.<br \/>\nAyd\u0131nlatma, \u0131s\u0131tma, havaland\u0131rma, g\u00fcvenlik sistemi, uzaktan kumanda ile<br \/>\nkontrol ve izleme ve veri ileti\u015fiminde INSTABUS EIB kablolar kullan\u0131l\u0131r.<\/p>\n","protected":false},"featured_media":1678,"comment_status":"open","ping_status":"closed","template":"","meta":[],"product_brand":[],"product_cat":[129],"product_tag":[],"class_list":{"0":"post-2090","1":"product","2":"type-product","3":"status-publish","4":"has-post-thumbnail","6":"product_cat-veri-iletisim-kablolari","8":"first","9":"instock","10":"shipping-taxable","11":"product-type-simple"},"aioseo_notices":[],"_links":{"self":[{"href":"https:\/\/triokablo.com\/tr\/wp-json\/wp\/v2\/product\/2090","targetHints":{"allow":["GET"]}}],"collection":[{"href":"https:\/\/triokablo.com\/tr\/wp-json\/wp\/v2\/product"}],"about":[{"href":"https:\/\/triokablo.com\/tr\/wp-json\/wp\/v2\/types\/product"}],"replies":[{"embeddable":true,"href":"https:\/\/triokablo.com\/tr\/wp-json\/wp\/v2\/comments?post=2090"}],"wp:featuredmedia":[{"embeddable":true,"href":"https:\/\/triokablo.com\/tr\/wp-json\/wp\/v2\/media\/1678"}],"wp:attachment":[{"href":"https:\/\/triokablo.com\/tr\/wp-json\/wp\/v2\/media?parent=2090"}],"wp:term":[{"taxonomy":"product_brand","embeddable":true,"href":"https:\/\/triokablo.com\/tr\/wp-json\/wp\/v2\/product_brand?post=2090"},{"taxonomy":"product_cat","embeddable":true,"href":"https:\/\/triokablo.com\/tr\/wp-json\/wp\/v2\/product_cat?post=2090"},{"taxonomy":"product_tag","embeddable":true,"href":"https:\/\/triokablo.com\/tr\/wp-json\/wp\/v2\/product_tag?post=2090"}],"curies":[{"name":"wp","href":"https:\/\/api.w.org\/{rel}","templated":true}]}}