{"id":2091,"date":"2020-07-16T11:49:55","date_gmt":"2020-07-16T08:49:55","guid":{"rendered":"https:\/\/triokablo.com\/?post_type=product&#038;p=2091"},"modified":"2020-07-16T15:59:36","modified_gmt":"2020-07-16T12:59:36","slug":"eib-2ysty","status":"publish","type":"product","link":"https:\/\/triokablo.com\/tr\/urun\/eib-2ysty\/","title":{"rendered":"EIB-2Y(St)Y"},"content":{"rendered":"<p><img loading=\"lazy\" decoding=\"async\" class=\"aligncenter wp-image-1673 size-full\" src=\"https:\/\/triokablo.com\/wp-content\/uploads\/2020\/04\/x.png\" alt=\"\" width=\"874\" height=\"316\" srcset=\"https:\/\/triokablo.com\/wp-content\/uploads\/2020\/04\/x.png 874w, https:\/\/triokablo.com\/wp-content\/uploads\/2020\/04\/x-300x108.png 300w, https:\/\/triokablo.com\/wp-content\/uploads\/2020\/04\/x-768x278.png 768w, https:\/\/triokablo.com\/wp-content\/uploads\/2020\/04\/x-600x217.png 600w\" sizes=\"auto, (max-width: 874px) 100vw, 874px\" \/><\/p>\n","protected":false},"excerpt":{"rendered":"<p>Bina kontrol sistemlerinde daha \u00e7ok konfor, g\u00fcvenlik, enerji tasarrufu<br \/>\nsa\u011flayabilmek i\u00e7in uygulanan INSTABUS EIB veri sistemlerii i\u00e7in tasarlanm\u0131\u015ft\u0131r.<br \/>\nAyd\u0131nlatma, \u0131s\u0131tma, havaland\u0131rma, g\u00fcvenlik sistemi, uzaktan kumanda ile<br \/>\nkontrol ve izleme ve veri ileti\u015fiminde INSTABUS EIB kablolar kullan\u0131l\u0131r.<\/p>\n","protected":false},"featured_media":1674,"comment_status":"open","ping_status":"closed","template":"","meta":[],"product_brand":[],"product_cat":[129],"product_tag":[],"class_list":{"0":"post-2091","1":"product","2":"type-product","3":"status-publish","4":"has-post-thumbnail","6":"product_cat-veri-iletisim-kablolari","8":"first","9":"instock","10":"shipping-taxable","11":"product-type-simple"},"aioseo_notices":[],"_links":{"self":[{"href":"https:\/\/triokablo.com\/tr\/wp-json\/wp\/v2\/product\/2091","targetHints":{"allow":["GET"]}}],"collection":[{"href":"https:\/\/triokablo.com\/tr\/wp-json\/wp\/v2\/product"}],"about":[{"href":"https:\/\/triokablo.com\/tr\/wp-json\/wp\/v2\/types\/product"}],"replies":[{"embeddable":true,"href":"https:\/\/triokablo.com\/tr\/wp-json\/wp\/v2\/comments?post=2091"}],"wp:featuredmedia":[{"embeddable":true,"href":"https:\/\/triokablo.com\/tr\/wp-json\/wp\/v2\/media\/1674"}],"wp:attachment":[{"href":"https:\/\/triokablo.com\/tr\/wp-json\/wp\/v2\/media?parent=2091"}],"wp:term":[{"taxonomy":"product_brand","embeddable":true,"href":"https:\/\/triokablo.com\/tr\/wp-json\/wp\/v2\/product_brand?post=2091"},{"taxonomy":"product_cat","embeddable":true,"href":"https:\/\/triokablo.com\/tr\/wp-json\/wp\/v2\/product_cat?post=2091"},{"taxonomy":"product_tag","embeddable":true,"href":"https:\/\/triokablo.com\/tr\/wp-json\/wp\/v2\/product_tag?post=2091"}],"curies":[{"name":"wp","href":"https:\/\/api.w.org\/{rel}","templated":true}]}}