{"id":2092,"date":"2020-07-16T11:49:56","date_gmt":"2020-07-16T08:49:56","guid":{"rendered":"https:\/\/triokablo.com\/?post_type=product&#038;p=2092"},"modified":"2020-07-16T15:59:29","modified_gmt":"2020-07-16T12:59:29","slug":"cat-3-f-utp-lszh","status":"publish","type":"product","link":"https:\/\/triokablo.com\/tr\/urun\/cat-3-f-utp-lszh\/","title":{"rendered":"CAT 3 F\/UTP LSZH"},"content":{"rendered":"<p><img loading=\"lazy\" decoding=\"async\" class=\"aligncenter wp-image-1668 size-full\" src=\"https:\/\/triokablo.com\/wp-content\/uploads\/2020\/04\/t.png\" alt=\"\" width=\"882\" height=\"175\" srcset=\"https:\/\/triokablo.com\/wp-content\/uploads\/2020\/04\/t.png 882w, https:\/\/triokablo.com\/wp-content\/uploads\/2020\/04\/t-300x60.png 300w, https:\/\/triokablo.com\/wp-content\/uploads\/2020\/04\/t-768x152.png 768w, https:\/\/triokablo.com\/wp-content\/uploads\/2020\/04\/t-600x119.png 600w\" sizes=\"auto, (max-width: 882px) 100vw, 882px\" \/><\/p>\n","protected":false},"excerpt":{"rendered":"<p>Bu kablolar bina i\u00e7erisinde santral ve abone da\u011f\u0131t\u0131mlar\u0131nda kullan\u0131l\u0131r. Bu tip<br \/>\nkablolar, halojensiz, alev geciktirici ve d\u00fc\u015f\u00fck duman yo\u011funlu\u011funa sahiptirler.<\/p>\n","protected":false},"featured_media":1671,"comment_status":"open","ping_status":"closed","template":"","meta":[],"product_brand":[],"product_cat":[129],"product_tag":[],"class_list":{"0":"post-2092","1":"product","2":"type-product","3":"status-publish","4":"has-post-thumbnail","6":"product_cat-veri-iletisim-kablolari","8":"first","9":"instock","10":"shipping-taxable","11":"product-type-simple"},"aioseo_notices":[],"_links":{"self":[{"href":"https:\/\/triokablo.com\/tr\/wp-json\/wp\/v2\/product\/2092","targetHints":{"allow":["GET"]}}],"collection":[{"href":"https:\/\/triokablo.com\/tr\/wp-json\/wp\/v2\/product"}],"about":[{"href":"https:\/\/triokablo.com\/tr\/wp-json\/wp\/v2\/types\/product"}],"replies":[{"embeddable":true,"href":"https:\/\/triokablo.com\/tr\/wp-json\/wp\/v2\/comments?post=2092"}],"wp:featuredmedia":[{"embeddable":true,"href":"https:\/\/triokablo.com\/tr\/wp-json\/wp\/v2\/media\/1671"}],"wp:attachment":[{"href":"https:\/\/triokablo.com\/tr\/wp-json\/wp\/v2\/media?parent=2092"}],"wp:term":[{"taxonomy":"product_brand","embeddable":true,"href":"https:\/\/triokablo.com\/tr\/wp-json\/wp\/v2\/product_brand?post=2092"},{"taxonomy":"product_cat","embeddable":true,"href":"https:\/\/triokablo.com\/tr\/wp-json\/wp\/v2\/product_cat?post=2092"},{"taxonomy":"product_tag","embeddable":true,"href":"https:\/\/triokablo.com\/tr\/wp-json\/wp\/v2\/product_tag?post=2092"}],"curies":[{"name":"wp","href":"https:\/\/api.w.org\/{rel}","templated":true}]}}