{"id":2099,"date":"2020-07-16T11:50:04","date_gmt":"2020-07-16T08:50:04","guid":{"rendered":"https:\/\/triokablo.com\/?post_type=product&#038;p=2099"},"modified":"2020-07-16T15:58:54","modified_gmt":"2020-07-16T12:58:54","slug":"cat-6-f-utp","status":"publish","type":"product","link":"https:\/\/triokablo.com\/tr\/urun\/cat-6-f-utp\/","title":{"rendered":"CAT-6 F-UTP"},"content":{"rendered":"<p><img loading=\"lazy\" decoding=\"async\" class=\"aligncenter wp-image-1632 size-full\" src=\"https:\/\/triokablo.com\/wp-content\/uploads\/2020\/04\/y.png\" alt=\"\" width=\"874\" height=\"173\" srcset=\"https:\/\/triokablo.com\/wp-content\/uploads\/2020\/04\/y.png 874w, https:\/\/triokablo.com\/wp-content\/uploads\/2020\/04\/y-300x59.png 300w, https:\/\/triokablo.com\/wp-content\/uploads\/2020\/04\/y-768x152.png 768w, https:\/\/triokablo.com\/wp-content\/uploads\/2020\/04\/y-600x119.png 600w\" sizes=\"auto, (max-width: 874px) 100vw, 874px\" \/><img loading=\"lazy\" decoding=\"async\" class=\"aligncenter wp-image-1634 size-full\" src=\"https:\/\/triokablo.com\/wp-content\/uploads\/2020\/04\/yy-1.png\" alt=\"\" width=\"506\" height=\"112\" srcset=\"https:\/\/triokablo.com\/wp-content\/uploads\/2020\/04\/yy-1.png 506w, https:\/\/triokablo.com\/wp-content\/uploads\/2020\/04\/yy-1-300x66.png 300w\" sizes=\"auto, (max-width: 506px) 100vw, 506px\" \/><\/p>\n","protected":false},"excerpt":{"rendered":"<p>Bu kablolar bilgi ileti\u015fim sistemlerindeki ba\u011flant\u0131larda kullan\u0131l\u0131rlar.<br \/>\nDijital ve analog sinyallerin ta\u015f\u0131nmas\u0131 i\u00e7in tasarlanan bu kablolar 250 mbit\/s<br \/>\nsistemlerini destekler.<\/p>\n","protected":false},"featured_media":1636,"comment_status":"open","ping_status":"closed","template":"","meta":[],"product_brand":[],"product_cat":[129],"product_tag":[],"class_list":{"0":"post-2099","1":"product","2":"type-product","3":"status-publish","4":"has-post-thumbnail","6":"product_cat-veri-iletisim-kablolari","8":"first","9":"instock","10":"shipping-taxable","11":"product-type-simple"},"aioseo_notices":[],"_links":{"self":[{"href":"https:\/\/triokablo.com\/tr\/wp-json\/wp\/v2\/product\/2099","targetHints":{"allow":["GET"]}}],"collection":[{"href":"https:\/\/triokablo.com\/tr\/wp-json\/wp\/v2\/product"}],"about":[{"href":"https:\/\/triokablo.com\/tr\/wp-json\/wp\/v2\/types\/product"}],"replies":[{"embeddable":true,"href":"https:\/\/triokablo.com\/tr\/wp-json\/wp\/v2\/comments?post=2099"}],"wp:featuredmedia":[{"embeddable":true,"href":"https:\/\/triokablo.com\/tr\/wp-json\/wp\/v2\/media\/1636"}],"wp:attachment":[{"href":"https:\/\/triokablo.com\/tr\/wp-json\/wp\/v2\/media?parent=2099"}],"wp:term":[{"taxonomy":"product_brand","embeddable":true,"href":"https:\/\/triokablo.com\/tr\/wp-json\/wp\/v2\/product_brand?post=2099"},{"taxonomy":"product_cat","embeddable":true,"href":"https:\/\/triokablo.com\/tr\/wp-json\/wp\/v2\/product_cat?post=2099"},{"taxonomy":"product_tag","embeddable":true,"href":"https:\/\/triokablo.com\/tr\/wp-json\/wp\/v2\/product_tag?post=2099"}],"curies":[{"name":"wp","href":"https:\/\/api.w.org\/{rel}","templated":true}]}}