{"id":796,"date":"2019-12-04T15:09:59","date_gmt":"2019-12-04T12:09:59","guid":{"rendered":"http:\/\/triokablobeta.kebirhost.com\/?post_type=product&#038;p=796"},"modified":"2020-07-16T16:46:51","modified_gmt":"2020-07-16T13:46:51","slug":"hslhch-jz","status":"publish","type":"product","link":"https:\/\/triokablo.com\/tr\/urun\/hslhch-jz\/","title":{"rendered":"HSLHCH-JZ"},"content":{"rendered":"<p><img loading=\"lazy\" decoding=\"async\" class=\"aligncenter wp-image-1774 size-full\" src=\"https:\/\/triokablo.com\/wp-content\/uploads\/2019\/12\/\u0131.png\" alt=\"\" width=\"883\" height=\"235\" srcset=\"https:\/\/triokablo.com\/wp-content\/uploads\/2019\/12\/\u0131.png 883w, https:\/\/triokablo.com\/wp-content\/uploads\/2019\/12\/\u0131-300x80.png 300w, https:\/\/triokablo.com\/wp-content\/uploads\/2019\/12\/\u0131-768x204.png 768w, https:\/\/triokablo.com\/wp-content\/uploads\/2019\/12\/\u0131-600x160.png 600w\" sizes=\"auto, (max-width: 883px) 100vw, 883px\" \/><\/p>\n","protected":false},"excerpt":{"rendered":"<p>Bu tip kablolar; \u00f6l\u00e7me, g\u00f6r\u00fcnt\u00fcleme ve kontrol amac\u0131 ile makine \u00fcretiminde,<br \/>\nenerji istasyonlar\u0131nda, m\u00fchendislik projelerinde, \u0131s\u0131tma-havaland\u0131rma ve di\u011fer<br \/>\nelektrik sistemlerinde, kuru ve nemli ortamlarda, \u00f6zellikle end\u00fcstriyel \u00e7evre<br \/>\n\u015fartlar\u0131nda kullan\u0131ma uygundur. Bu kablolar, halojensiz, alev geciktirici ve<br \/>\nd\u00fc\u015f\u00fck duman yo\u011funlu\u011funa sahiptirler.<\/p>\n","protected":false},"featured_media":1777,"comment_status":"open","ping_status":"closed","template":"","meta":[],"product_brand":[],"product_cat":[15],"product_tag":[],"class_list":{"0":"post-796","1":"product","2":"type-product","3":"status-publish","4":"has-post-thumbnail","6":"product_cat-sinyal-ve-kontrol-kablolari","8":"first","9":"instock","10":"shipping-taxable","11":"product-type-simple"},"aioseo_notices":[],"_links":{"self":[{"href":"https:\/\/triokablo.com\/tr\/wp-json\/wp\/v2\/product\/796","targetHints":{"allow":["GET"]}}],"collection":[{"href":"https:\/\/triokablo.com\/tr\/wp-json\/wp\/v2\/product"}],"about":[{"href":"https:\/\/triokablo.com\/tr\/wp-json\/wp\/v2\/types\/product"}],"replies":[{"embeddable":true,"href":"https:\/\/triokablo.com\/tr\/wp-json\/wp\/v2\/comments?post=796"}],"wp:featuredmedia":[{"embeddable":true,"href":"https:\/\/triokablo.com\/tr\/wp-json\/wp\/v2\/media\/1777"}],"wp:attachment":[{"href":"https:\/\/triokablo.com\/tr\/wp-json\/wp\/v2\/media?parent=796"}],"wp:term":[{"taxonomy":"product_brand","embeddable":true,"href":"https:\/\/triokablo.com\/tr\/wp-json\/wp\/v2\/product_brand?post=796"},{"taxonomy":"product_cat","embeddable":true,"href":"https:\/\/triokablo.com\/tr\/wp-json\/wp\/v2\/product_cat?post=796"},{"taxonomy":"product_tag","embeddable":true,"href":"https:\/\/triokablo.com\/tr\/wp-json\/wp\/v2\/product_tag?post=796"}],"curies":[{"name":"wp","href":"https:\/\/api.w.org\/{rel}","templated":true}]}}