{"id":804,"date":"2019-12-04T15:21:17","date_gmt":"2019-12-04T12:21:17","guid":{"rendered":"http:\/\/triokablobeta.kebirhost.com\/?post_type=product&#038;p=804"},"modified":"2020-07-16T16:45:43","modified_gmt":"2020-07-16T13:45:43","slug":"yslyc11y-jz","status":"publish","type":"product","link":"https:\/\/triokablo.com\/tr\/urun\/yslyc11y-jz\/","title":{"rendered":"YSLYC11Y-JZ"},"content":{"rendered":"<p><img loading=\"lazy\" decoding=\"async\" class=\"aligncenter wp-image-1787 size-full\" src=\"https:\/\/triokablo.com\/wp-content\/uploads\/2019\/12\/a.png\" alt=\"\" width=\"885\" height=\"203\" srcset=\"https:\/\/triokablo.com\/wp-content\/uploads\/2019\/12\/a.png 885w, https:\/\/triokablo.com\/wp-content\/uploads\/2019\/12\/a-300x69.png 300w, https:\/\/triokablo.com\/wp-content\/uploads\/2019\/12\/a-768x176.png 768w, https:\/\/triokablo.com\/wp-content\/uploads\/2019\/12\/a-600x138.png 600w\" sizes=\"auto, (max-width: 885px) 100vw, 885px\" \/><\/p>\n","protected":false},"excerpt":{"rendered":"<p>Bu tip kablolar; \u00f6l\u00e7me, g\u00f6r\u00fcnt\u00fcleme ve kontrol amac\u0131 ile makine \u00fcretiminde,<br \/>\nenerji istasyonlar\u0131nda, m\u00fchendislik projelerinde, \u0131s\u0131tma-havaland\u0131rma ve di\u011fer<br \/>\nelektrik sistemlerinde, kuru ve nemli ortamlarda, \u00f6zellikle end\u00fcstriyel \u00e7evre<br \/>\n\u015fartlar\u0131nda kullan\u0131ma uygundur. PUR d\u0131\u015f k\u0131l\u0131f\u0131 sayesinde y\u00fcksek mekanik<br \/>\ndayan\u0131ma, k\u00f6t\u00fc hava ko\u015fullar\u0131na, solventlere, ya\u011fa ve petrol t\u00fcrevlerine kar\u015f\u0131<br \/>\ny\u00fcksek diren\u00e7li olup, a\u00e7\u0131k havada orta seviye mekanik zorlamalar\u0131n oldu\u011fu<br \/>\nyerlerde kullan\u0131labilirler.<\/p>\n","protected":false},"featured_media":1789,"comment_status":"open","ping_status":"closed","template":"","meta":[],"product_brand":[],"product_cat":[15],"product_tag":[],"class_list":{"0":"post-804","1":"product","2":"type-product","3":"status-publish","4":"has-post-thumbnail","6":"product_cat-sinyal-ve-kontrol-kablolari","8":"first","9":"instock","10":"shipping-taxable","11":"product-type-simple"},"aioseo_notices":[],"_links":{"self":[{"href":"https:\/\/triokablo.com\/tr\/wp-json\/wp\/v2\/product\/804","targetHints":{"allow":["GET"]}}],"collection":[{"href":"https:\/\/triokablo.com\/tr\/wp-json\/wp\/v2\/product"}],"about":[{"href":"https:\/\/triokablo.com\/tr\/wp-json\/wp\/v2\/types\/product"}],"replies":[{"embeddable":true,"href":"https:\/\/triokablo.com\/tr\/wp-json\/wp\/v2\/comments?post=804"}],"wp:featuredmedia":[{"embeddable":true,"href":"https:\/\/triokablo.com\/tr\/wp-json\/wp\/v2\/media\/1789"}],"wp:attachment":[{"href":"https:\/\/triokablo.com\/tr\/wp-json\/wp\/v2\/media?parent=804"}],"wp:term":[{"taxonomy":"product_brand","embeddable":true,"href":"https:\/\/triokablo.com\/tr\/wp-json\/wp\/v2\/product_brand?post=804"},{"taxonomy":"product_cat","embeddable":true,"href":"https:\/\/triokablo.com\/tr\/wp-json\/wp\/v2\/product_cat?post=804"},{"taxonomy":"product_tag","embeddable":true,"href":"https:\/\/triokablo.com\/tr\/wp-json\/wp\/v2\/product_tag?post=804"}],"curies":[{"name":"wp","href":"https:\/\/api.w.org\/{rel}","templated":true}]}}