{"id":808,"date":"2019-12-04T15:24:58","date_gmt":"2019-12-04T12:24:58","guid":{"rendered":"http:\/\/triokablobeta.kebirhost.com\/?post_type=product&#038;p=808"},"modified":"2020-07-16T16:46:15","modified_gmt":"2020-07-16T13:46:15","slug":"liystcy","status":"publish","type":"product","link":"https:\/\/triokablo.com\/tr\/urun\/liystcy\/","title":{"rendered":"LIY(St)CY"},"content":{"rendered":"<p><img loading=\"lazy\" decoding=\"async\" class=\"aligncenter wp-image-1703 size-full\" src=\"https:\/\/triokablo.com\/wp-content\/uploads\/2019\/12\/4-1.png\" alt=\"\" width=\"805\" height=\"419\" srcset=\"https:\/\/triokablo.com\/wp-content\/uploads\/2019\/12\/4-1.png 805w, https:\/\/triokablo.com\/wp-content\/uploads\/2019\/12\/4-1-300x156.png 300w, https:\/\/triokablo.com\/wp-content\/uploads\/2019\/12\/4-1-768x400.png 768w, https:\/\/triokablo.com\/wp-content\/uploads\/2019\/12\/4-1-600x312.png 600w\" sizes=\"auto, (max-width: 805px) 100vw, 805px\" \/><\/p>\n","protected":false},"excerpt":{"rendered":"<p>Bu tip kablolar elektronik kontrol sistemlerindeki ba\u011flant\u0131larda, ses frekans\u0131<br \/>\niletiminde, sinyal ve bilgi ileti\u015fim kablolar\u0131 olarak kullan\u0131l\u0131rlar.<\/p>\n","protected":false},"featured_media":1705,"comment_status":"open","ping_status":"closed","template":"","meta":[],"product_brand":[],"product_cat":[15],"product_tag":[],"class_list":{"0":"post-808","1":"product","2":"type-product","3":"status-publish","4":"has-post-thumbnail","6":"product_cat-sinyal-ve-kontrol-kablolari","8":"first","9":"instock","10":"shipping-taxable","11":"product-type-simple"},"aioseo_notices":[],"_links":{"self":[{"href":"https:\/\/triokablo.com\/tr\/wp-json\/wp\/v2\/product\/808","targetHints":{"allow":["GET"]}}],"collection":[{"href":"https:\/\/triokablo.com\/tr\/wp-json\/wp\/v2\/product"}],"about":[{"href":"https:\/\/triokablo.com\/tr\/wp-json\/wp\/v2\/types\/product"}],"replies":[{"embeddable":true,"href":"https:\/\/triokablo.com\/tr\/wp-json\/wp\/v2\/comments?post=808"}],"wp:featuredmedia":[{"embeddable":true,"href":"https:\/\/triokablo.com\/tr\/wp-json\/wp\/v2\/media\/1705"}],"wp:attachment":[{"href":"https:\/\/triokablo.com\/tr\/wp-json\/wp\/v2\/media?parent=808"}],"wp:term":[{"taxonomy":"product_brand","embeddable":true,"href":"https:\/\/triokablo.com\/tr\/wp-json\/wp\/v2\/product_brand?post=808"},{"taxonomy":"product_cat","embeddable":true,"href":"https:\/\/triokablo.com\/tr\/wp-json\/wp\/v2\/product_cat?post=808"},{"taxonomy":"product_tag","embeddable":true,"href":"https:\/\/triokablo.com\/tr\/wp-json\/wp\/v2\/product_tag?post=808"}],"curies":[{"name":"wp","href":"https:\/\/api.w.org\/{rel}","templated":true}]}}