{"id":936,"date":"2019-12-09T14:50:27","date_gmt":"2019-12-09T11:50:27","guid":{"rendered":"http:\/\/triokablobeta.kebirhost.com\/?post_type=product&#038;p=936"},"modified":"2020-07-16T16:53:39","modified_gmt":"2020-07-16T13:53:39","slug":"re-2xsthswah-multi-core-cu-xlpe-os-lszh-swa-lszh","status":"publish","type":"product","link":"https:\/\/triokablo.com\/tr\/urun\/re-2xsthswah-multi-core-cu-xlpe-os-lszh-swa-lszh\/","title":{"rendered":"RE-2X(St)HSWAH Multi-Core Cu\/Xlpe\/Os\/Lszh\/Swa\/Lszh"},"content":{"rendered":"<p><img loading=\"lazy\" decoding=\"async\" class=\"aligncenter wp-image-1829 size-full\" src=\"https:\/\/triokablo.com\/wp-content\/uploads\/2019\/12\/n.png\" alt=\"\" width=\"882\" height=\"305\" srcset=\"https:\/\/triokablo.com\/wp-content\/uploads\/2019\/12\/n.png 882w, https:\/\/triokablo.com\/wp-content\/uploads\/2019\/12\/n-300x104.png 300w, https:\/\/triokablo.com\/wp-content\/uploads\/2019\/12\/n-768x266.png 768w, https:\/\/triokablo.com\/wp-content\/uploads\/2019\/12\/n-600x207.png 600w\" sizes=\"auto, (max-width: 882px) 100vw, 882px\" \/><\/p>\n","protected":false},"excerpt":{"rendered":"<p>&#8211; Enstr\u00fcmantasyon ve kontrol m\u00fchendisli\u011fi analog ve dijital sinyal iletimi,<br \/>\n&#8211; Kimya End\u00fcstrisi<br \/>\n&#8211; End\u00fcstriyel sinyalizasyon ve proses kontrol devrelerinde<br \/>\n&#8211; Petrokimya end\u00fcstrisi<br \/>\n&#8211; Elektrikli \u00f6l\u00e7\u00fcm cihazlar\u0131 g\u00f6sterge panellerinde<br \/>\n&#8211; Benzin istasyonlar\u0131<br \/>\n&#8211; Kontrol konsollar\u0131 ve pano kontrol dolaplar\u0131<\/p>\n","protected":false},"featured_media":1832,"comment_status":"open","ping_status":"closed","template":"","meta":[],"product_brand":[],"product_cat":[39],"product_tag":[],"class_list":{"0":"post-936","1":"product","2":"type-product","3":"status-publish","4":"has-post-thumbnail","6":"product_cat-enstrumantasyon-kablolari","8":"first","9":"instock","10":"shipping-taxable","11":"product-type-simple"},"aioseo_notices":[],"_links":{"self":[{"href":"https:\/\/triokablo.com\/tr\/wp-json\/wp\/v2\/product\/936","targetHints":{"allow":["GET"]}}],"collection":[{"href":"https:\/\/triokablo.com\/tr\/wp-json\/wp\/v2\/product"}],"about":[{"href":"https:\/\/triokablo.com\/tr\/wp-json\/wp\/v2\/types\/product"}],"replies":[{"embeddable":true,"href":"https:\/\/triokablo.com\/tr\/wp-json\/wp\/v2\/comments?post=936"}],"wp:featuredmedia":[{"embeddable":true,"href":"https:\/\/triokablo.com\/tr\/wp-json\/wp\/v2\/media\/1832"}],"wp:attachment":[{"href":"https:\/\/triokablo.com\/tr\/wp-json\/wp\/v2\/media?parent=936"}],"wp:term":[{"taxonomy":"product_brand","embeddable":true,"href":"https:\/\/triokablo.com\/tr\/wp-json\/wp\/v2\/product_brand?post=936"},{"taxonomy":"product_cat","embeddable":true,"href":"https:\/\/triokablo.com\/tr\/wp-json\/wp\/v2\/product_cat?post=936"},{"taxonomy":"product_tag","embeddable":true,"href":"https:\/\/triokablo.com\/tr\/wp-json\/wp\/v2\/product_tag?post=936"}],"curies":[{"name":"wp","href":"https:\/\/api.w.org\/{rel}","templated":true}]}}