{"id":952,"date":"2019-12-09T16:18:30","date_gmt":"2019-12-09T13:18:30","guid":{"rendered":"http:\/\/triokablobeta.kebirhost.com\/?post_type=product&#038;p=952"},"modified":"2020-07-16T16:53:50","modified_gmt":"2020-07-16T13:53:50","slug":"re-2xsth-multi-pair-cu-xlpe-os-lszh","status":"publish","type":"product","link":"https:\/\/triokablo.com\/tr\/urun\/re-2xsth-multi-pair-cu-xlpe-os-lszh\/","title":{"rendered":"RE-2X(St)H Multi-Pair Cu\/Xlpe\/Os\/Lszh"},"content":{"rendered":"<p><img loading=\"lazy\" decoding=\"async\" class=\"aligncenter wp-image-1861 size-full\" src=\"https:\/\/triokablo.com\/wp-content\/uploads\/2019\/12\/Ekran-Al\u0131nt\u0131s\u0131.png\" alt=\"\" width=\"891\" height=\"323\" srcset=\"https:\/\/triokablo.com\/wp-content\/uploads\/2019\/12\/Ekran-Al\u0131nt\u0131s\u0131.png 891w, https:\/\/triokablo.com\/wp-content\/uploads\/2019\/12\/Ekran-Al\u0131nt\u0131s\u0131-300x109.png 300w, https:\/\/triokablo.com\/wp-content\/uploads\/2019\/12\/Ekran-Al\u0131nt\u0131s\u0131-768x278.png 768w, https:\/\/triokablo.com\/wp-content\/uploads\/2019\/12\/Ekran-Al\u0131nt\u0131s\u0131-600x218.png 600w\" sizes=\"auto, (max-width: 891px) 100vw, 891px\" \/><\/p>\n","protected":false},"excerpt":{"rendered":"<p>&#8211; Enstr\u00fcmantasyon ve kontrol m\u00fchendisli\u011fi analog ve dijital sinyal iletimi,<br \/>\n&#8211; Kimya End\u00fcstrisi<br \/>\n&#8211; End\u00fcstriyel sinyalizasyon ve proses kontrol devrelerinde<br \/>\n&#8211; Petrokimya end\u00fcstrisi<br \/>\n&#8211; Elektrikli \u00f6l\u00e7\u00fcm cihazlar\u0131 g\u00f6sterge panellerinde<br \/>\n&#8211; Benzin istasyonlar\u0131<br \/>\n&#8211; Kontrol konsollar\u0131 ve pano kontrol dolaplar\u0131<\/p>\n","protected":false},"featured_media":1864,"comment_status":"open","ping_status":"closed","template":"","meta":[],"product_brand":[],"product_cat":[39],"product_tag":[],"class_list":{"0":"post-952","1":"product","2":"type-product","3":"status-publish","4":"has-post-thumbnail","6":"product_cat-enstrumantasyon-kablolari","8":"first","9":"instock","10":"shipping-taxable","11":"product-type-simple"},"aioseo_notices":[],"_links":{"self":[{"href":"https:\/\/triokablo.com\/tr\/wp-json\/wp\/v2\/product\/952","targetHints":{"allow":["GET"]}}],"collection":[{"href":"https:\/\/triokablo.com\/tr\/wp-json\/wp\/v2\/product"}],"about":[{"href":"https:\/\/triokablo.com\/tr\/wp-json\/wp\/v2\/types\/product"}],"replies":[{"embeddable":true,"href":"https:\/\/triokablo.com\/tr\/wp-json\/wp\/v2\/comments?post=952"}],"wp:featuredmedia":[{"embeddable":true,"href":"https:\/\/triokablo.com\/tr\/wp-json\/wp\/v2\/media\/1864"}],"wp:attachment":[{"href":"https:\/\/triokablo.com\/tr\/wp-json\/wp\/v2\/media?parent=952"}],"wp:term":[{"taxonomy":"product_brand","embeddable":true,"href":"https:\/\/triokablo.com\/tr\/wp-json\/wp\/v2\/product_brand?post=952"},{"taxonomy":"product_cat","embeddable":true,"href":"https:\/\/triokablo.com\/tr\/wp-json\/wp\/v2\/product_cat?post=952"},{"taxonomy":"product_tag","embeddable":true,"href":"https:\/\/triokablo.com\/tr\/wp-json\/wp\/v2\/product_tag?post=952"}],"curies":[{"name":"wp","href":"https:\/\/api.w.org\/{rel}","templated":true}]}}