{"id":956,"date":"2019-12-09T16:20:49","date_gmt":"2019-12-09T13:20:49","guid":{"rendered":"http:\/\/triokablobeta.kebirhost.com\/?post_type=product&#038;p=956"},"modified":"2020-07-16T16:53:35","modified_gmt":"2020-07-16T13:53:35","slug":"re-2xsthswah-multi-pair-cu-xlpe-os-lszh-swa-lszh","status":"publish","type":"product","link":"https:\/\/triokablo.com\/tr\/urun\/re-2xsthswah-multi-pair-cu-xlpe-os-lszh-swa-lszh\/","title":{"rendered":"RE-2X(St)HSWAH Multi-Pair Cu\/Xlpe\/Os\/Lszh\/Swa\/Lszh"},"content":{"rendered":"<p><img loading=\"lazy\" decoding=\"async\" class=\"aligncenter wp-image-1870 size-full\" src=\"https:\/\/triokablo.com\/wp-content\/uploads\/2019\/12\/gg.png\" alt=\"\" width=\"882\" height=\"310\" srcset=\"https:\/\/triokablo.com\/wp-content\/uploads\/2019\/12\/gg.png 882w, https:\/\/triokablo.com\/wp-content\/uploads\/2019\/12\/gg-300x105.png 300w, https:\/\/triokablo.com\/wp-content\/uploads\/2019\/12\/gg-768x270.png 768w, https:\/\/triokablo.com\/wp-content\/uploads\/2019\/12\/gg-600x211.png 600w\" sizes=\"auto, (max-width: 882px) 100vw, 882px\" \/><\/p>\n","protected":false},"excerpt":{"rendered":"<h3 class=\"detaybaslik\">\u00dcr\u00fcn Kullan\u0131m Yeri<\/h3>\n<div class=\"detayp\">\n<p>&#8211; Enstr\u00fcmantasyon ve kontrol m\u00fchendisli\u011fi analog ve dijital sinyal iletimi,<br \/>\n&#8211; Kimya End\u00fcstrisi<br \/>\n&#8211; End\u00fcstriyel sinyalizasyon ve proses kontrol devrelerinde<br \/>\n&#8211; Petrokimya end\u00fcstrisi<br \/>\n&#8211; Elektrikli \u00f6l\u00e7\u00fcm cihazlar\u0131 g\u00f6sterge panellerinde<br \/>\n&#8211; Benzin istasyonlar\u0131<br \/>\n&#8211; Kontrol konsollar\u0131 ve pano kontrol dolaplar\u0131<\/p>\n<\/div>\n","protected":false},"featured_media":1872,"comment_status":"open","ping_status":"closed","template":"","meta":[],"product_brand":[],"product_cat":[39],"product_tag":[],"class_list":{"0":"post-956","1":"product","2":"type-product","3":"status-publish","4":"has-post-thumbnail","6":"product_cat-enstrumantasyon-kablolari","8":"first","9":"instock","10":"shipping-taxable","11":"product-type-simple"},"aioseo_notices":[],"_links":{"self":[{"href":"https:\/\/triokablo.com\/tr\/wp-json\/wp\/v2\/product\/956","targetHints":{"allow":["GET"]}}],"collection":[{"href":"https:\/\/triokablo.com\/tr\/wp-json\/wp\/v2\/product"}],"about":[{"href":"https:\/\/triokablo.com\/tr\/wp-json\/wp\/v2\/types\/product"}],"replies":[{"embeddable":true,"href":"https:\/\/triokablo.com\/tr\/wp-json\/wp\/v2\/comments?post=956"}],"wp:featuredmedia":[{"embeddable":true,"href":"https:\/\/triokablo.com\/tr\/wp-json\/wp\/v2\/media\/1872"}],"wp:attachment":[{"href":"https:\/\/triokablo.com\/tr\/wp-json\/wp\/v2\/media?parent=956"}],"wp:term":[{"taxonomy":"product_brand","embeddable":true,"href":"https:\/\/triokablo.com\/tr\/wp-json\/wp\/v2\/product_brand?post=956"},{"taxonomy":"product_cat","embeddable":true,"href":"https:\/\/triokablo.com\/tr\/wp-json\/wp\/v2\/product_cat?post=956"},{"taxonomy":"product_tag","embeddable":true,"href":"https:\/\/triokablo.com\/tr\/wp-json\/wp\/v2\/product_tag?post=956"}],"curies":[{"name":"wp","href":"https:\/\/api.w.org\/{rel}","templated":true}]}}