{"id":979,"date":"2019-12-11T21:55:06","date_gmt":"2019-12-11T18:55:06","guid":{"rendered":"http:\/\/triokablobeta.kebirhost.com\/?post_type=product&#038;p=979"},"modified":"2020-07-16T16:51:27","modified_gmt":"2020-07-16T13:51:27","slug":"re-ystyqy-fl-pimf-cu-pvc-is-os-pvc-swb-pvc","status":"publish","type":"product","link":"https:\/\/triokablo.com\/tr\/urun\/re-ystyqy-fl-pimf-cu-pvc-is-os-pvc-swb-pvc\/","title":{"rendered":"RE-Y(St)YQY-fl PIMF Cu\/Pvc\/Is\/Os\/Pvc\/Swb\/Pvc"},"content":{"rendered":"<p><img loading=\"lazy\" decoding=\"async\" class=\"aligncenter wp-image-1913 size-full\" src=\"https:\/\/triokablo.com\/wp-content\/uploads\/2019\/12\/uuu.png\" alt=\"\" width=\"884\" height=\"307\" srcset=\"https:\/\/triokablo.com\/wp-content\/uploads\/2019\/12\/uuu.png 884w, https:\/\/triokablo.com\/wp-content\/uploads\/2019\/12\/uuu-300x104.png 300w, https:\/\/triokablo.com\/wp-content\/uploads\/2019\/12\/uuu-768x267.png 768w, https:\/\/triokablo.com\/wp-content\/uploads\/2019\/12\/uuu-600x208.png 600w\" sizes=\"auto, (max-width: 884px) 100vw, 884px\" \/><\/p>\n","protected":false},"excerpt":{"rendered":"<p>&#8211; Enstr\u00fcmantasyon ve kontrol m\u00fchendisli\u011fi analog ve dijital sinyal iletimi,<br \/>\n&#8211; Kimya End\u00fcstrisi<br \/>\n&#8211; End\u00fcstriyel sinyalizasyon ve proses kontrol devrelerinde<br \/>\n&#8211; Petrokimya end\u00fcstrisi<br \/>\n&#8211; Elektrikli \u00f6l\u00e7\u00fcm cihazlar\u0131 g\u00f6sterge panellerinde<br \/>\n&#8211; Benzin istasyonlar\u0131<br \/>\n&#8211; Kontrol konsollar\u0131 ve pano kontrol dolaplar\u0131<\/p>\n","protected":false},"featured_media":1916,"comment_status":"open","ping_status":"closed","template":"","meta":[],"product_brand":[],"product_cat":[39],"product_tag":[],"class_list":{"0":"post-979","1":"product","2":"type-product","3":"status-publish","4":"has-post-thumbnail","6":"product_cat-enstrumantasyon-kablolari","8":"first","9":"instock","10":"shipping-taxable","11":"product-type-simple"},"aioseo_notices":[],"_links":{"self":[{"href":"https:\/\/triokablo.com\/tr\/wp-json\/wp\/v2\/product\/979","targetHints":{"allow":["GET"]}}],"collection":[{"href":"https:\/\/triokablo.com\/tr\/wp-json\/wp\/v2\/product"}],"about":[{"href":"https:\/\/triokablo.com\/tr\/wp-json\/wp\/v2\/types\/product"}],"replies":[{"embeddable":true,"href":"https:\/\/triokablo.com\/tr\/wp-json\/wp\/v2\/comments?post=979"}],"wp:featuredmedia":[{"embeddable":true,"href":"https:\/\/triokablo.com\/tr\/wp-json\/wp\/v2\/media\/1916"}],"wp:attachment":[{"href":"https:\/\/triokablo.com\/tr\/wp-json\/wp\/v2\/media?parent=979"}],"wp:term":[{"taxonomy":"product_brand","embeddable":true,"href":"https:\/\/triokablo.com\/tr\/wp-json\/wp\/v2\/product_brand?post=979"},{"taxonomy":"product_cat","embeddable":true,"href":"https:\/\/triokablo.com\/tr\/wp-json\/wp\/v2\/product_cat?post=979"},{"taxonomy":"product_tag","embeddable":true,"href":"https:\/\/triokablo.com\/tr\/wp-json\/wp\/v2\/product_tag?post=979"}],"curies":[{"name":"wp","href":"https:\/\/api.w.org\/{rel}","templated":true}]}}