{"id":997,"date":"2019-12-11T22:05:14","date_gmt":"2019-12-11T19:05:14","guid":{"rendered":"http:\/\/triokablobeta.kebirhost.com\/?post_type=product&#038;p=997"},"modified":"2020-07-16T16:53:28","modified_gmt":"2020-07-16T13:53:28","slug":"re-2xsthswah-timf-cu-xlpe-is-os-lszh-swa-lszh","status":"publish","type":"product","link":"https:\/\/triokablo.com\/tr\/urun\/re-2xsthswah-timf-cu-xlpe-is-os-lszh-swa-lszh\/","title":{"rendered":"RE-2X(St)HSWAH TIMF Cu\/Xlpe\/Is\/Os\/Lszh\/Swa\/Lszh"},"content":{"rendered":"<p><img loading=\"lazy\" decoding=\"async\" class=\"aligncenter wp-image-1949 size-full\" src=\"https:\/\/triokablo.com\/wp-content\/uploads\/2019\/12\/xxx.png\" alt=\"\" width=\"883\" height=\"303\" srcset=\"https:\/\/triokablo.com\/wp-content\/uploads\/2019\/12\/xxx.png 883w, https:\/\/triokablo.com\/wp-content\/uploads\/2019\/12\/xxx-300x103.png 300w, https:\/\/triokablo.com\/wp-content\/uploads\/2019\/12\/xxx-768x264.png 768w, https:\/\/triokablo.com\/wp-content\/uploads\/2019\/12\/xxx-600x206.png 600w\" sizes=\"auto, (max-width: 883px) 100vw, 883px\" \/><\/p>\n","protected":false},"excerpt":{"rendered":"<p>&#8211; Enstr\u00fcmantasyon ve kontrol m\u00fchendisli\u011fi analog ve dijital sinyal iletimi,<br \/>\n&#8211; Kimya End\u00fcstrisi<br \/>\n&#8211; End\u00fcstriyel sinyalizasyon ve proses kontrol devrelerinde<br \/>\n&#8211; Petrokimya end\u00fcstrisi<br \/>\n&#8211; Elektrikli \u00f6l\u00e7\u00fcm cihazlar\u0131 g\u00f6sterge panellerinde<br \/>\n&#8211; Benzin istasyonlar\u0131<br \/>\n&#8211; Kontrol konsollar\u0131 ve pano kontrol dolaplar\u0131<\/p>\n","protected":false},"featured_media":1952,"comment_status":"open","ping_status":"closed","template":"","meta":[],"product_brand":[],"product_cat":[39],"product_tag":[],"class_list":{"0":"post-997","1":"product","2":"type-product","3":"status-publish","4":"has-post-thumbnail","6":"product_cat-enstrumantasyon-kablolari","8":"first","9":"instock","10":"shipping-taxable","11":"product-type-simple"},"aioseo_notices":[],"_links":{"self":[{"href":"https:\/\/triokablo.com\/tr\/wp-json\/wp\/v2\/product\/997","targetHints":{"allow":["GET"]}}],"collection":[{"href":"https:\/\/triokablo.com\/tr\/wp-json\/wp\/v2\/product"}],"about":[{"href":"https:\/\/triokablo.com\/tr\/wp-json\/wp\/v2\/types\/product"}],"replies":[{"embeddable":true,"href":"https:\/\/triokablo.com\/tr\/wp-json\/wp\/v2\/comments?post=997"}],"wp:featuredmedia":[{"embeddable":true,"href":"https:\/\/triokablo.com\/tr\/wp-json\/wp\/v2\/media\/1952"}],"wp:attachment":[{"href":"https:\/\/triokablo.com\/tr\/wp-json\/wp\/v2\/media?parent=997"}],"wp:term":[{"taxonomy":"product_brand","embeddable":true,"href":"https:\/\/triokablo.com\/tr\/wp-json\/wp\/v2\/product_brand?post=997"},{"taxonomy":"product_cat","embeddable":true,"href":"https:\/\/triokablo.com\/tr\/wp-json\/wp\/v2\/product_cat?post=997"},{"taxonomy":"product_tag","embeddable":true,"href":"https:\/\/triokablo.com\/tr\/wp-json\/wp\/v2\/product_tag?post=997"}],"curies":[{"name":"wp","href":"https:\/\/api.w.org\/{rel}","templated":true}]}}